{"id":10,"date":"2023-05-09T13:35:06","date_gmt":"2023-05-09T13:35:06","guid":{"rendered":"http:\/\/avanteportasdeaco.com.br\/home\/?page_id=10"},"modified":"2023-08-01T18:44:06","modified_gmt":"2023-08-01T18:44:06","slug":"a-empresa","status":"publish","type":"page","link":"https:\/\/avanteportasdeaco.com.br\/home\/avante\/a-empresa\/","title":{"rendered":"A Empresa"},"content":{"rendered":"\t\t<div data-elementor-type=\"wp-page\" data-elementor-id=\"10\" class=\"elementor elementor-10\">\n\t\t\t\t<div class=\"elementor-element elementor-element-11bdc283 e-flex e-con-boxed wpr-particle-no wpr-jarallax-no wpr-parallax-no wpr-sticky-section-no wpr-equal-height-no e-con e-parent\" data-id=\"11bdc283\" data-element_type=\"container\" data-settings=\"{&quot;background_background&quot;:&quot;classic&quot;}\">\n\t\t\t\t\t<div class=\"e-con-inner\">\n\t\t\t\t<div class=\"elementor-element elementor-element-45bb8a87 elementor-widget__width-initial elementor-widget elementor-widget-heading\" data-id=\"45bb8a87\" data-element_type=\"widget\" data-widget_type=\"heading.default\">\n\t\t\t\t<div class=\"elementor-widget-container\">\n\t\t\t\t\t<h2 class=\"elementor-heading-title elementor-size-default\">A Empresa<\/h2>\t\t\t\t<\/div>\n\t\t\t\t<\/div>\n\t\t\t\t\t<\/div>\n\t\t\t\t<\/div>\n\t\t<div class=\"elementor-element elementor-element-2f4db4b e-flex e-con-boxed wpr-particle-no wpr-jarallax-no wpr-parallax-no wpr-sticky-section-no wpr-equal-height-no e-con e-parent\" data-id=\"2f4db4b\" data-element_type=\"container\">\n\t\t\t\t\t<div class=\"e-con-inner\">\n\t\t<div class=\"elementor-element elementor-element-e15340d e-con-full e-flex wpr-particle-no wpr-jarallax-no wpr-parallax-no wpr-sticky-section-no wpr-equal-height-no e-con e-child\" data-id=\"e15340d\" data-element_type=\"container\">\n\t\t\t\t<div class=\"elementor-element elementor-element-4894b54 elementor-widget-mobile__width-inherit elementor-widget elementor-widget-text-editor\" data-id=\"4894b54\" data-element_type=\"widget\" data-widget_type=\"text-editor.default\">\n\t\t\t\t<div class=\"elementor-widget-container\">\n\t\t\t\t\t\t\t\t\t<p><strong>Avante Portas de A\u00e7o<\/strong>\u00a0\u00e9 uma empresa que atua h\u00e1 mais de 25 anos no mercado metal\u00fargico fabricando portas de a\u00e7o de enrolar manuais e autom\u00e1ticas. Em nossa loja possu\u00edmos todo tipo de material para serralheria, com uma grande variedade de produtos, pe\u00e7as, acess\u00f3rios e automatizadores para venda. Sempre trabalhando com as melhores e mais conceituadas marcas do mercado. Venha conferir!<\/p><p>Trabalhamos utilizando somente materiais galvanizados, rigorosamente dentro das especifica\u00e7\u00f5es propostas ou solicitadas.<\/p><p>Por sermos fabricantes temos condi\u00e7\u00f5es de competir frente a outras empresas tanto em pre\u00e7o como em prazo de pagamento.<\/p><p>Um dos diferenciais da Avante Portas de A\u00e7o, fora nossa aten\u00e7\u00e3o no atendimento e a agilidade das nossas equipes, \u00e9 que contamos com nosso prazo de fabrica\u00e7\u00e3o, pois fabricamos a nossa, ou melhor, a sua porta em apenas 3 horas com retirada imediata.<\/p><p>E com todo respeito, carinho, dedica\u00e7\u00e3o e responsabilidade desde os funcion\u00e1rios, parceiros,<br \/>fornecedores e clientes \u00e9 que a Portas de a\u00e7o Avante v\u00eam crescendo e se destacando no mercado.<br \/><br \/><\/p><p>Por isso, convidamos voc\u00ea a navegar, viajar e conhecer o que h\u00e1 de melhor em portas de a\u00e7o. Fique a vontade!!!<\/p><p>Atendendo em todo o Brasil.\u00a0 Solicite seu or\u00e7amento sem compromisso.<\/p>\t\t\t\t\t\t\t\t<\/div>\n\t\t\t\t<\/div>\n\t\t\t\t<\/div>\n\t\t<div class=\"elementor-element elementor-element-dae8062 e-con-full e-flex wpr-particle-no wpr-jarallax-no wpr-parallax-no wpr-sticky-section-no wpr-equal-height-no e-con e-child\" data-id=\"dae8062\" data-element_type=\"container\">\n\t\t\t\t<div class=\"elementor-element elementor-element-34b64f0 elementor-widget__width-initial elementor-invisible elementor-widget elementor-widget-image\" data-id=\"34b64f0\" data-element_type=\"widget\" data-settings=\"{&quot;_animation&quot;:&quot;bounceInRight&quot;}\" data-widget_type=\"image.default\">\n\t\t\t\t<div class=\"elementor-widget-container\">\n\t\t\t\t\t\t\t\t\t\t\t\t\t\t\t<img fetchpriority=\"high\" decoding=\"async\" width=\"600\" height=\"600\" src=\"https:\/\/avanteportasdeaco.com.br\/home\/wp-content\/uploads\/2023\/05\/porta-transvision-01.jpg\" class=\"attachment-large size-large wp-image-1065\" alt=\"\" srcset=\"https:\/\/avanteportasdeaco.com.br\/home\/wp-content\/uploads\/2023\/05\/porta-transvision-01.jpg 600w, https:\/\/avanteportasdeaco.com.br\/home\/wp-content\/uploads\/2023\/05\/porta-transvision-01-300x300.jpg 300w, https:\/\/avanteportasdeaco.com.br\/home\/wp-content\/uploads\/2023\/05\/porta-transvision-01-150x150.jpg 150w\" sizes=\"(max-width: 600px) 100vw, 600px\" \/>\t\t\t\t\t\t\t\t\t\t\t\t\t\t\t<\/div>\n\t\t\t\t<\/div>\n\t\t\t\t<div class=\"elementor-element elementor-element-6de51df elementor-widget__width-initial elementor-widget-mobile__width-initial elementor-widget elementor-widget-text-editor\" data-id=\"6de51df\" data-element_type=\"widget\" data-widget_type=\"text-editor.default\">\n\t\t\t\t<div class=\"elementor-widget-container\">\n\t\t\t\t\t\t\t\t\t<p><i><b>A Avante Portas de A\u00e7o tem mais de 25 anos de<br \/>experi\u00eancia em fabricar portas de a\u00e7o de enrolar<br \/>manuais e autom\u00e1ticas .<\/b><\/i><\/p>\t\t\t\t\t\t\t\t<\/div>\n\t\t\t\t<\/div>\n\t\t\t\t<\/div>\n\t\t\t\t\t<\/div>\n\t\t\t\t<\/div>\n\t\t<div class=\"elementor-element elementor-element-d9388bc e-flex e-con-boxed wpr-particle-no wpr-jarallax-no wpr-parallax-no wpr-sticky-section-no wpr-equal-height-no e-con e-parent\" data-id=\"d9388bc\" data-element_type=\"container\" data-settings=\"{&quot;background_background&quot;:&quot;classic&quot;}\">\n\t\t\t\t\t<div class=\"e-con-inner\">\n\t\t<div class=\"elementor-element elementor-element-3976ba57 e-con-full e-flex wpr-particle-no wpr-jarallax-no wpr-parallax-no wpr-sticky-section-no wpr-equal-height-no e-con e-child\" data-id=\"3976ba57\" data-element_type=\"container\">\n\t\t\t\t<div class=\"elementor-element elementor-element-14606307 elementor-invisible elementor-widget elementor-widget-heading\" data-id=\"14606307\" data-element_type=\"widget\" data-settings=\"{&quot;_animation&quot;:&quot;bounceIn&quot;}\" data-widget_type=\"heading.default\">\n\t\t\t\t<div class=\"elementor-widget-container\">\n\t\t\t\t\t<h2 class=\"elementor-heading-title elementor-size-default\">Fabrica\u00e7\u00e3o em 2 horas! \n<\/h2>\t\t\t\t<\/div>\n\t\t\t\t<\/div>\n\t\t\t\t<div class=\"elementor-element elementor-element-5651a93 elementor-align-center elementor-icon-list--layout-traditional elementor-list-item-link-full_width elementor-widget elementor-widget-icon-list\" data-id=\"5651a93\" data-element_type=\"widget\" data-widget_type=\"icon-list.default\">\n\t\t\t\t<div class=\"elementor-widget-container\">\n\t\t\t\t\t\t\t<ul class=\"elementor-icon-list-items\">\n\t\t\t\t\t\t\t<li class=\"elementor-icon-list-item\">\n\t\t\t\t\t\t\t\t\t\t\t<span class=\"elementor-icon-list-icon\">\n\t\t\t\t\t\t\t<i aria-hidden=\"true\" class=\"fab fa-whatsapp\"><\/i>\t\t\t\t\t\t<\/span>\n\t\t\t\t\t\t\t\t\t\t<span class=\"elementor-icon-list-text\">11 2292-5806<\/span>\n\t\t\t\t\t\t\t\t\t<\/li>\n\t\t\t\t\t\t<\/ul>\n\t\t\t\t\t\t<\/div>\n\t\t\t\t<\/div>\n\t\t\t\t<div class=\"elementor-element elementor-element-37bde2b8 elementor-widget elementor-widget-text-editor\" data-id=\"37bde2b8\" data-element_type=\"widget\" data-widget_type=\"text-editor.default\">\n\t\t\t\t<div class=\"elementor-widget-container\">\n\t\t\t\t\t\t\t\t\t<h3 class=\"text-white font-weight-600\"><span style=\"color: #ff0000;\">Atendimento Socorro 24 horas<\/span><\/h3>\t\t\t\t\t\t\t\t<\/div>\n\t\t\t\t<\/div>\n\t\t\t\t<div class=\"elementor-element elementor-element-34fe3b92 elementor-align-center elementor-icon-list--layout-traditional elementor-list-item-link-full_width elementor-widget elementor-widget-icon-list\" data-id=\"34fe3b92\" data-element_type=\"widget\" data-widget_type=\"icon-list.default\">\n\t\t\t\t<div class=\"elementor-widget-container\">\n\t\t\t\t\t\t\t<ul class=\"elementor-icon-list-items\">\n\t\t\t\t\t\t\t<li class=\"elementor-icon-list-item\">\n\t\t\t\t\t\t\t\t\t\t\t<span class=\"elementor-icon-list-icon\">\n\t\t\t\t\t\t\t<i aria-hidden=\"true\" class=\"fab fa-whatsapp\"><\/i>\t\t\t\t\t\t<\/span>\n\t\t\t\t\t\t\t\t\t\t<span class=\"elementor-icon-list-text\">11 97779-9000<\/span>\n\t\t\t\t\t\t\t\t\t<\/li>\n\t\t\t\t\t\t<\/ul>\n\t\t\t\t\t\t<\/div>\n\t\t\t\t<\/div>\n\t\t\t\t<div class=\"elementor-element elementor-element-953eb4a elementor-widget elementor-widget-text-editor\" data-id=\"953eb4a\" data-element_type=\"widget\" data-widget_type=\"text-editor.default\">\n\t\t\t\t<div class=\"elementor-widget-container\">\n\t\t\t\t\t\t\t\t\t<h3 class=\"text-white font-weight-600\">Ligue agora mesmo e solicite uma avalia\u00e7\u00e3o e visita t\u00e9cnica.<\/h3>\t\t\t\t\t\t\t\t<\/div>\n\t\t\t\t<\/div>\n\t\t\t\t<\/div>\n\t\t<div class=\"elementor-element elementor-element-5bfc1675 e-con-full e-flex wpr-particle-no wpr-jarallax-no wpr-parallax-no wpr-sticky-section-no wpr-equal-height-no e-con e-child\" data-id=\"5bfc1675\" data-element_type=\"container\">\n\t\t\t\t<div class=\"elementor-element elementor-element-303fe070 elementor-align-center elementor-invisible elementor-widget elementor-widget-button\" data-id=\"303fe070\" data-element_type=\"widget\" data-settings=\"{&quot;_animation&quot;:&quot;bounceInRight&quot;}\" data-widget_type=\"button.default\">\n\t\t\t\t<div class=\"elementor-widget-container\">\n\t\t\t\t\t\t\t\t\t<div class=\"elementor-button-wrapper\">\n\t\t\t\t\t<a class=\"elementor-button elementor-button-link elementor-size-lg\" href=\"https:\/\/avanteportasdeaco.com.br\/home\/avante\/fale-conosco\/\">\n\t\t\t\t\t\t<span class=\"elementor-button-content-wrapper\">\n\t\t\t\t\t\t\t\t\t<span class=\"elementor-button-text\">Pe\u00e7a um or\u00e7amento<\/span>\n\t\t\t\t\t<\/span>\n\t\t\t\t\t<\/a>\n\t\t\t\t<\/div>\n\t\t\t\t\t\t\t\t<\/div>\n\t\t\t\t<\/div>\n\t\t\t\t<\/div>\n\t\t\t\t\t<\/div>\n\t\t\t\t<\/div>\n\t\t\t\t<\/div>\n\t\t","protected":false},"excerpt":{"rendered":"<p>A Empresa Avante Portas de A\u00e7o\u00a0\u00e9 uma empresa que atua h\u00e1 mais de 25 anos no mercado metal\u00fargico fabricando portas de a\u00e7o de enrolar manuais e autom\u00e1ticas. Em nossa loja possu\u00edmos todo tipo de material para serralheria, com uma grande variedade de produtos, pe\u00e7as, acess\u00f3rios e automatizadores para venda. Sempre trabalhando com as melhores e mais conceituadas marcas do mercado. Venha conferir! Trabalhamos utilizando somente materiais galvanizados, rigorosamente dentro das especifica\u00e7\u00f5es propostas ou solicitadas. Por sermos fabricantes temos condi\u00e7\u00f5es de competir frente a outras empresas tanto em pre\u00e7o como em prazo de pagamento. Um dos diferenciais da Avante Portas de A\u00e7o, fora nossa aten\u00e7\u00e3o no atendimento e a agilidade das nossas equipes, \u00e9 que contamos com nosso prazo de fabrica\u00e7\u00e3o, pois fabricamos a nossa, ou melhor, a sua porta em apenas 3 horas com retirada imediata. E com todo respeito, carinho, dedica\u00e7\u00e3o e responsabilidade desde os funcion\u00e1rios, parceiros,fornecedores e clientes \u00e9 que a Portas de a\u00e7o Avante v\u00eam crescendo e se destacando no mercado. Por isso, convidamos voc\u00ea a navegar, viajar e conhecer o que h\u00e1 de melhor em portas de a\u00e7o. Fique a vontade!!! Atendendo em todo o Brasil.\u00a0 Solicite seu or\u00e7amento sem compromisso. A Avante Portas de A\u00e7o tem mais de 25 anos deexperi\u00eancia em fabricar portas de a\u00e7o de enrolarmanuais e autom\u00e1ticas . Fabrica\u00e7\u00e3o em 2 horas! 11 2292-5806 Atendimento Socorro 24 horas 11 97779-9000 Ligue agora mesmo e solicite uma avalia\u00e7\u00e3o e visita t\u00e9cnica. Pe\u00e7a um or\u00e7amento<\/p>\n","protected":false},"author":1,"featured_media":0,"parent":0,"menu_order":0,"comment_status":"closed","ping_status":"closed","template":"","meta":{"site-sidebar-layout":"no-sidebar","site-content-layout":"page-builder","ast-global-header-display":"","ast-banner-title-visibility":"","ast-main-header-display":"","ast-hfb-above-header-display":"","ast-hfb-below-header-display":"","ast-hfb-mobile-header-display":"","site-post-title":"disabled","ast-breadcrumbs-content":"","ast-featured-img":"disabled","footer-sml-layout":"","theme-transparent-header-meta":"","adv-header-id-meta":"","stick-header-meta":"","header-above-stick-meta":"","header-main-stick-meta":"","header-below-stick-meta":"","_joinchat":[],"footnotes":""},"class_list":["post-10","page","type-page","status-publish","hentry"],"_links":{"self":[{"href":"https:\/\/avanteportasdeaco.com.br\/home\/avante\/wp-json\/wp\/v2\/pages\/10","targetHints":{"allow":["GET"]}}],"collection":[{"href":"https:\/\/avanteportasdeaco.com.br\/home\/avante\/wp-json\/wp\/v2\/pages"}],"about":[{"href":"https:\/\/avanteportasdeaco.com.br\/home\/avante\/wp-json\/wp\/v2\/types\/page"}],"author":[{"embeddable":true,"href":"https:\/\/avanteportasdeaco.com.br\/home\/avante\/wp-json\/wp\/v2\/users\/1"}],"replies":[{"embeddable":true,"href":"https:\/\/avanteportasdeaco.com.br\/home\/avante\/wp-json\/wp\/v2\/comments?post=10"}],"version-history":[{"count":172,"href":"https:\/\/avanteportasdeaco.com.br\/home\/avante\/wp-json\/wp\/v2\/pages\/10\/revisions"}],"predecessor-version":[{"id":4192,"href":"https:\/\/avanteportasdeaco.com.br\/home\/avante\/wp-json\/wp\/v2\/pages\/10\/revisions\/4192"}],"wp:attachment":[{"href":"https:\/\/avanteportasdeaco.com.br\/home\/avante\/wp-json\/wp\/v2\/media?parent=10"}],"curies":[{"name":"wp","href":"https:\/\/api.w.org\/{rel}","templated":true}]}}