{"id":16,"date":"2023-05-09T13:35:46","date_gmt":"2023-05-09T13:35:46","guid":{"rendered":"http:\/\/avanteportasdeaco.com.br\/home\/?page_id=16"},"modified":"2023-08-01T18:50:52","modified_gmt":"2023-08-01T18:50:52","slug":"fale-conosco","status":"publish","type":"page","link":"https:\/\/avanteportasdeaco.com.br\/home\/avante\/fale-conosco\/","title":{"rendered":"Fale Conosco"},"content":{"rendered":"\t\t<div data-elementor-type=\"wp-page\" data-elementor-id=\"16\" class=\"elementor elementor-16\">\n\t\t\t\t<div class=\"elementor-element elementor-element-f836c7b e-flex e-con-boxed wpr-particle-no wpr-jarallax-no wpr-parallax-no wpr-sticky-section-no wpr-equal-height-no e-con e-parent\" data-id=\"f836c7b\" data-element_type=\"container\" data-settings=\"{&quot;background_background&quot;:&quot;classic&quot;}\">\n\t\t\t\t\t<div class=\"e-con-inner\">\n\t\t\t\t<div class=\"elementor-element elementor-element-6cdcbe05 elementor-widget__width-initial elementor-widget elementor-widget-heading\" data-id=\"6cdcbe05\" data-element_type=\"widget\" data-widget_type=\"heading.default\">\n\t\t\t\t<div class=\"elementor-widget-container\">\n\t\t\t\t\t<h2 class=\"elementor-heading-title elementor-size-default\">Fale Conosco<\/h2>\t\t\t\t<\/div>\n\t\t\t\t<\/div>\n\t\t\t\t\t<\/div>\n\t\t\t\t<\/div>\n\t\t<div class=\"elementor-element elementor-element-b66dd15 e-flex e-con-boxed wpr-particle-no wpr-jarallax-no wpr-parallax-no wpr-sticky-section-no wpr-equal-height-no e-con e-parent\" data-id=\"b66dd15\" data-element_type=\"container\">\n\t\t\t\t\t<div class=\"e-con-inner\">\n\t\t<div class=\"elementor-element elementor-element-62b3842 e-con-full e-flex wpr-particle-no wpr-jarallax-no wpr-parallax-no wpr-sticky-section-no wpr-equal-height-no e-con e-parent\" data-id=\"62b3842\" data-element_type=\"container\">\n\t\t\t\t<div class=\"elementor-element elementor-element-6ee942b wpr-forms-align-left wpr-forms-submit-left elementor-widget elementor-widget-wpr-forms\" data-id=\"6ee942b\" data-element_type=\"widget\" data-widget_type=\"wpr-forms.default\">\n\t\t\t\t<div class=\"elementor-widget-container\">\n\t\t\t\t\t<div class=\"wpr-forms-container wpr-custom-chk-radio\">\n<div class=\"wpcf7 no-js\" id=\"wpcf7-f3030-o1\" lang=\"pt-BR\" dir=\"ltr\" data-wpcf7-id=\"3030\">\n<div class=\"screen-reader-response\"><p role=\"status\" aria-live=\"polite\" aria-atomic=\"true\"><\/p> <ul><\/ul><\/div>\n<form action=\"\/home\/avante\/wp-json\/wp\/v2\/pages\/16#wpcf7-f3030-o1\" method=\"post\" class=\"wpcf7-form init\" aria-label=\"Formul\u00e1rios de contato\" novalidate=\"novalidate\" data-status=\"init\">\n<fieldset class=\"hidden-fields-container\"><input type=\"hidden\" name=\"_wpcf7\" value=\"3030\" \/><input type=\"hidden\" name=\"_wpcf7_version\" value=\"6.1.5\" \/><input type=\"hidden\" name=\"_wpcf7_locale\" value=\"pt_BR\" \/><input type=\"hidden\" name=\"_wpcf7_unit_tag\" value=\"wpcf7-f3030-o1\" \/><input type=\"hidden\" name=\"_wpcf7_container_post\" value=\"0\" \/><input type=\"hidden\" name=\"_wpcf7_posted_data_hash\" value=\"\" \/>\n<\/fieldset>\n<p><script>\n document.addEventListener('wpcf7mailsent', function (Event) {\n location = 'http:\/\/www.avanteportasdeaco.com.br';\n }, false);\n<\/script>\n<\/p>\n<p><label id=\"nome2\"> Nome \/ Raz\u00e3o Social:<br \/>\n<span class=\"wpcf7-form-control-wrap\" data-name=\"your-name\"><input size=\"40\" maxlength=\"400\" class=\"wpcf7-form-control wpcf7-text wpcf7-validates-as-required\" autocomplete=\"name\" aria-required=\"true\" aria-invalid=\"false\" placeholder=\"\" value=\"\" type=\"text\" name=\"your-name\" \/><\/span> <\/label>\n<\/p>\n<p><label id=\"email2\"> E-mail:<br \/>\n<span class=\"wpcf7-form-control-wrap\" data-name=\"your-email\"><input size=\"40\" maxlength=\"400\" class=\"wpcf7-form-control wpcf7-email wpcf7-validates-as-required wpcf7-text wpcf7-validates-as-email\" autocomplete=\"email\" aria-required=\"true\" aria-invalid=\"false\" placeholder=\"\" value=\"\" type=\"email\" name=\"your-email\" \/><\/span> <\/label>\n<\/p>\n<p><label id=\"telefone2\"> Telefone:<br \/>\n<span class=\"wpcf7-form-control-wrap\" data-name=\"telefone\"><input size=\"40\" maxlength=\"400\" class=\"wpcf7-form-control wpcf7-tel wpcf7-validates-as-required wpcf7-text wpcf7-validates-as-tel\" aria-required=\"true\" aria-invalid=\"false\" placeholder=\"Digite DDD + Telefone\" value=\"\" type=\"tel\" name=\"telefone\" \/><\/span> <\/label>\n<\/p>\n<p><label id=\"celular\"> Celular:<br \/>\n<span class=\"wpcf7-form-control-wrap\" data-name=\"telefone2\"><input size=\"40\" maxlength=\"400\" class=\"wpcf7-form-control wpcf7-tel wpcf7-validates-as-required wpcf7-text wpcf7-validates-as-tel\" aria-required=\"true\" aria-invalid=\"false\" placeholder=\"Digite DDD + Celular\" value=\"\" type=\"tel\" name=\"telefone2\" \/><\/span> <\/label>\n<\/p>\n<p><label id=\"cidade\"> Cidade:<br \/>\n<span class=\"wpcf7-form-control-wrap\" data-name=\"Cidade\"><input size=\"40\" maxlength=\"400\" class=\"wpcf7-form-control wpcf7-text\" id=\"cidade\" aria-invalid=\"false\" value=\"\" type=\"text\" name=\"Cidade\" \/><\/span> <\/label>\n<\/p>\n<p><label> Estado:<br \/>\n<select name=\"estado\" size=\"1\" id=\"Estado\">\n <option>SP<\/option>\n \n\n <option>AC<\/option>\n <option>AL<\/option>\n <option>AM<\/option>\n <option>AP<\/option>\n <option>BA<\/option>\n <option>CE<\/option>\n <option>DF<\/option>\n <option>ES<\/option>\n <option>GO<\/option>\n <option>MA<\/option>\n <option>MG<\/option>\n <option>MS<\/option>\n <option>MT<\/option>\n <option>PA<\/option>\n <option>PB<\/option>\n <option>PE<\/option>\n <option>PI<\/option>\n <option>PR<\/option>\n <option>RJ<\/option>\n <option>RN<\/option>\n <option>RO<\/option>\n <option>RR<\/option>\n <option>RS<\/option>\n <option>SC<\/option>\n <option>SE<\/option>\n <option>TO<\/option>\n <\/select> <\/label><br \/>\n<label id=\"portas\">Porta: <\/label><br \/>\n<span class=\"wpcf7-form-control-wrap\" data-name=\"Portas\"><span class=\"wpcf7-form-control wpcf7-checkbox\"><span class=\"wpcf7-list-item first\"><label><input type=\"checkbox\" name=\"Portas[]\" value=\"Autom\u00e1ticas\" \/><span class=\"wpcf7-list-item-label\">Autom\u00e1ticas<\/span><\/label><\/span><span class=\"wpcf7-list-item last\"><label><input type=\"checkbox\" name=\"Portas[]\" value=\"Manual\" \/><span class=\"wpcf7-list-item-label\">Manual<\/span><\/label><\/span><\/span><\/span>\n<\/p>\n<p><label id=\"opcionais\">Opcionais: <\/label><br \/>\n<span class=\"wpcf7-form-control-wrap\" data-name=\"Opcionais\"><span class=\"wpcf7-form-control wpcf7-checkbox\"><span class=\"wpcf7-list-item first\"><label><input type=\"checkbox\" name=\"Opcionais[]\" value=\"Portinhola\" \/><span class=\"wpcf7-list-item-label\">Portinhola<\/span><\/label><\/span><span class=\"wpcf7-list-item\"><label><input type=\"checkbox\" name=\"Opcionais[]\" value=\"Controle Remoto\" \/><span class=\"wpcf7-list-item-label\">Controle Remoto<\/span><\/label><\/span><span class=\"wpcf7-list-item\"><label><input type=\"checkbox\" name=\"Opcionais[]\" value=\"Pintura Eletrost\u00e1tica\" \/><span class=\"wpcf7-list-item-label\">Pintura Eletrost\u00e1tica<\/span><\/label><\/span><span class=\"wpcf7-list-item last\"><label><input type=\"checkbox\" name=\"Opcionais[]\" value=\"Instala\u00e7\u00e3o\" \/><span class=\"wpcf7-list-item-label\">Instala\u00e7\u00e3o<\/span><\/label><\/span><\/span><\/span>\n<\/p>\n<p><label id=\"chapas\">Chapa: <\/label><br \/>\n<span class=\"wpcf7-form-control-wrap\" data-name=\"Chapas\"><span class=\"wpcf7-form-control wpcf7-checkbox\"><span class=\"wpcf7-list-item first\"><label><input type=\"checkbox\" name=\"Chapas[]\" value=\"22\" \/><span class=\"wpcf7-list-item-label\">22<\/span><\/label><\/span><span class=\"wpcf7-list-item\"><label><input type=\"checkbox\" name=\"Chapas[]\" value=\"24\" \/><span class=\"wpcf7-list-item-label\">24<\/span><\/label><\/span><span class=\"wpcf7-list-item last\"><label><input type=\"checkbox\" name=\"Chapas[]\" value=\"26\" \/><span class=\"wpcf7-list-item-label\">26<\/span><\/label><\/span><\/span><\/span>\n<\/p>\n<p><label id=\"modelo\">Modelo: <\/label><br \/>\n<span class=\"wpcf7-form-control-wrap\" data-name=\"Modelo\"><span class=\"wpcf7-form-control wpcf7-checkbox\"><span class=\"wpcf7-list-item first\"><label><input type=\"checkbox\" name=\"Modelo[]\" value=\"Raiada\" \/><span class=\"wpcf7-list-item-label\">Raiada<\/span><\/label><\/span><span class=\"wpcf7-list-item\"><label><input type=\"checkbox\" name=\"Modelo[]\" value=\"Meia cana\" \/><span class=\"wpcf7-list-item-label\">Meia cana<\/span><\/label><\/span><span class=\"wpcf7-list-item last\"><label><input type=\"checkbox\" name=\"Modelo[]\" value=\"Transvision\" \/><span class=\"wpcf7-list-item-label\">Transvision<\/span><\/label><\/span><\/span><\/span>\n<\/p>\n<p><label id=\"quantidade\"> Quantidade:<br \/>\n<span class=\"wpcf7-form-control-wrap\" data-name=\"quantidade\"><input size=\"40\" maxlength=\"400\" class=\"wpcf7-form-control wpcf7-text\" aria-invalid=\"false\" value=\"\" type=\"text\" name=\"quantidade\" \/><\/span> <\/label>\n<\/p>\n<p><label id=\"altura\"> Altura:<br \/>\n<span class=\"wpcf7-form-control-wrap\" data-name=\"altura\"><input size=\"40\" maxlength=\"400\" class=\"wpcf7-form-control wpcf7-text\" aria-invalid=\"false\" value=\"\" type=\"text\" name=\"altura\" \/><\/span> <\/label>\n<\/p>\n<p><label id=\"assunto2\"> Assunto:<br \/>\n<span class=\"wpcf7-form-control-wrap\" data-name=\"your-subject\"><input size=\"40\" maxlength=\"400\" class=\"wpcf7-form-control wpcf7-text\" aria-invalid=\"false\" placeholder=\"\" value=\"\" type=\"text\" name=\"your-subject\" \/><\/span> <\/label>\n<\/p>\n<p><label id=\"mensagem2\"><br \/>\n<span class=\"wpcf7-form-control-wrap\" data-name=\"your-message\"><textarea cols=\"40\" rows=\"10\" maxlength=\"2000\" class=\"wpcf7-form-control wpcf7-textarea\" aria-invalid=\"false\" placeholder=\"Sua mensagem (opcional)\" name=\"your-message\"><\/textarea><\/span> <\/label>\n<\/p>\n<p><label id=\"enviar2\"><br \/>\n<input class=\"wpcf7-form-control wpcf7-submit has-spinner\" type=\"submit\" value=\"Enviar\" \/> <\/label>\n<\/p><div class=\"wpcf7-response-output\" aria-hidden=\"true\"><\/div>\n<\/form>\n<\/div>\n<\/div>\t\t\t\t<\/div>\n\t\t\t\t<\/div>\n\t\t\t\t<\/div>\n\t\t<div class=\"elementor-element elementor-element-a970602 e-con-full e-flex wpr-particle-no wpr-jarallax-no wpr-parallax-no wpr-sticky-section-no wpr-equal-height-no e-con e-parent\" data-id=\"a970602\" data-element_type=\"container\">\n\t\t\t\t<\/div>\n\t\t\t\t\t<\/div>\n\t\t\t\t<\/div>\n\t\t<div class=\"elementor-element elementor-element-4f2a049 e-flex e-con-boxed wpr-particle-no wpr-jarallax-no wpr-parallax-no wpr-sticky-section-no wpr-equal-height-no e-con e-parent\" data-id=\"4f2a049\" data-element_type=\"container\">\n\t\t\t\t\t<div class=\"e-con-inner\">\n\t\t\t\t<div class=\"elementor-element elementor-element-cef946d elementor-align-left elementor-widget elementor-widget-button\" data-id=\"cef946d\" data-element_type=\"widget\" data-widget_type=\"button.default\">\n\t\t\t\t<div class=\"elementor-widget-container\">\n\t\t\t\t\t\t\t\t\t<div class=\"elementor-button-wrapper\">\n\t\t\t\t\t<a class=\"elementor-button elementor-button-link elementor-size-lg\" href=\"https:\/\/lista.mercadolivre.com.br\/_CustId_319980594\" target=\"_blank\">\n\t\t\t\t\t\t<span class=\"elementor-button-content-wrapper\">\n\t\t\t\t\t\t\t\t\t<span class=\"elementor-button-text\">Acesse nossa loja no Mercado Livre<\/span>\n\t\t\t\t\t<\/span>\n\t\t\t\t\t<\/a>\n\t\t\t\t<\/div>\n\t\t\t\t\t\t\t\t<\/div>\n\t\t\t\t<\/div>\n\t\t\t\t\t<\/div>\n\t\t\t\t<\/div>\n\t\t<div class=\"elementor-element elementor-element-444ecbd e-con-full e-flex wpr-particle-no wpr-jarallax-no wpr-parallax-no wpr-sticky-section-no wpr-equal-height-no e-con e-parent\" data-id=\"444ecbd\" data-element_type=\"container\">\n\t\t\t\t<div class=\"elementor-element elementor-element-c03c584 elementor-widget elementor-widget-google_maps\" data-id=\"c03c584\" data-element_type=\"widget\" data-widget_type=\"google_maps.default\">\n\t\t\t\t<div class=\"elementor-widget-container\">\n\t\t\t\t\t\t\t<div class=\"elementor-custom-embed\">\n\t\t\t<iframe loading=\"lazy\"\n\t\t\t\t\tsrc=\"https:\/\/maps.google.com\/maps?q=Avante%20Portas%20de%20A%C3%A7o&#038;t=m&#038;z=13&#038;output=embed&#038;iwloc=near\"\n\t\t\t\t\ttitle=\"Avante Portas de A\u00e7o\"\n\t\t\t\t\taria-label=\"Avante Portas de A\u00e7o\"\n\t\t\t><\/iframe>\n\t\t<\/div>\n\t\t\t\t\t\t<\/div>\n\t\t\t\t<\/div>\n\t\t\t\t<\/div>\n\t\t\t\t<\/div>\n\t\t","protected":false},"excerpt":{"rendered":"<p>Fale Conosco Nome \/ Raz\u00e3o Social: E-mail: Telefone: Celular: Cidade: Estado: SPACALAMAPBACEDFESGOMAMGMSMTPAPBPEPIPRRJRNRORRRSSCSETO Porta: Autom\u00e1ticasManual Opcionais: PortinholaControle RemotoPintura Eletrost\u00e1ticaInstala\u00e7\u00e3o Chapa: 222426 Modelo: RaiadaMeia canaTransvision Quantidade: Altura: Assunto: Acesse nossa loja no Mercado Livre<\/p>\n","protected":false},"author":1,"featured_media":0,"parent":0,"menu_order":0,"comment_status":"closed","ping_status":"closed","template":"","meta":{"site-sidebar-layout":"no-sidebar","site-content-layout":"page-builder","ast-global-header-display":"","ast-banner-title-visibility":"","ast-main-header-display":"","ast-hfb-above-header-display":"","ast-hfb-below-header-display":"","ast-hfb-mobile-header-display":"","site-post-title":"disabled","ast-breadcrumbs-content":"","ast-featured-img":"disabled","footer-sml-layout":"","theme-transparent-header-meta":"","adv-header-id-meta":"","stick-header-meta":"","header-above-stick-meta":"","header-main-stick-meta":"","header-below-stick-meta":"","_joinchat":[],"footnotes":""},"class_list":["post-16","page","type-page","status-publish","hentry"],"_links":{"self":[{"href":"https:\/\/avanteportasdeaco.com.br\/home\/avante\/wp-json\/wp\/v2\/pages\/16","targetHints":{"allow":["GET"]}}],"collection":[{"href":"https:\/\/avanteportasdeaco.com.br\/home\/avante\/wp-json\/wp\/v2\/pages"}],"about":[{"href":"https:\/\/avanteportasdeaco.com.br\/home\/avante\/wp-json\/wp\/v2\/types\/page"}],"author":[{"embeddable":true,"href":"https:\/\/avanteportasdeaco.com.br\/home\/avante\/wp-json\/wp\/v2\/users\/1"}],"replies":[{"embeddable":true,"href":"https:\/\/avanteportasdeaco.com.br\/home\/avante\/wp-json\/wp\/v2\/comments?post=16"}],"version-history":[{"count":136,"href":"https:\/\/avanteportasdeaco.com.br\/home\/avante\/wp-json\/wp\/v2\/pages\/16\/revisions"}],"predecessor-version":[{"id":4225,"href":"https:\/\/avanteportasdeaco.com.br\/home\/avante\/wp-json\/wp\/v2\/pages\/16\/revisions\/4225"}],"wp:attachment":[{"href":"https:\/\/avanteportasdeaco.com.br\/home\/avante\/wp-json\/wp\/v2\/media?parent=16"}],"curies":[{"name":"wp","href":"https:\/\/api.w.org\/{rel}","templated":true}]}}