{"id":2314,"date":"2023-05-17T12:21:46","date_gmt":"2023-05-17T12:21:46","guid":{"rendered":"https:\/\/avanteportasdeaco.com.br\/home\/avante\/?page_id=2314"},"modified":"2023-07-18T14:26:39","modified_gmt":"2023-07-18T14:26:39","slug":"automatizador-dc","status":"publish","type":"page","link":"https:\/\/avanteportasdeaco.com.br\/home\/avante\/automatizador-dc\/","title":{"rendered":"Automatizador DC"},"content":{"rendered":"\t\t<div data-elementor-type=\"wp-page\" data-elementor-id=\"2314\" class=\"elementor elementor-2314\">\n\t\t\t\t<div class=\"elementor-element elementor-element-1f536ff e-flex e-con-boxed wpr-particle-no wpr-jarallax-no wpr-parallax-no wpr-sticky-section-no wpr-equal-height-no e-con e-parent\" data-id=\"1f536ff\" data-element_type=\"container\" data-settings=\"{&quot;background_background&quot;:&quot;classic&quot;}\">\n\t\t\t\t\t<div class=\"e-con-inner\">\n\t\t\t\t<div class=\"elementor-element elementor-element-2b8d481 elementor-widget__width-initial elementor-widget elementor-widget-heading\" data-id=\"2b8d481\" data-element_type=\"widget\" data-widget_type=\"heading.default\">\n\t\t\t\t<div class=\"elementor-widget-container\">\n\t\t\t\t\t<h2 class=\"elementor-heading-title elementor-size-default\">Automatizadores<\/h2>\t\t\t\t<\/div>\n\t\t\t\t<\/div>\n\t\t\t\t\t<\/div>\n\t\t\t\t<\/div>\n\t\t<div class=\"elementor-element elementor-element-54e5df2 e-flex e-con-boxed wpr-particle-no wpr-jarallax-no wpr-parallax-no wpr-sticky-section-no wpr-equal-height-no e-con e-parent\" data-id=\"54e5df2\" data-element_type=\"container\">\n\t\t\t\t\t<div class=\"e-con-inner\">\n\t\t<div class=\"elementor-element elementor-element-61ed013 e-flex e-con-boxed wpr-particle-no wpr-jarallax-no wpr-parallax-no wpr-sticky-section-no wpr-equal-height-no e-con e-parent\" data-id=\"61ed013\" data-element_type=\"container\">\n\t\t\t\t\t<div class=\"e-con-inner\">\n\t\t<div class=\"elementor-element elementor-element-7ece1c4 e-flex e-con-boxed wpr-particle-no wpr-jarallax-no wpr-parallax-no wpr-sticky-section-no wpr-equal-height-no e-con e-parent\" data-id=\"7ece1c4\" data-element_type=\"container\">\n\t\t\t\t\t<div class=\"e-con-inner\">\n\t\t<div class=\"elementor-element elementor-element-dc9a658 e-flex e-con-boxed wpr-particle-no wpr-jarallax-no wpr-parallax-no wpr-sticky-section-no wpr-equal-height-no e-con e-parent\" data-id=\"dc9a658\" data-element_type=\"container\" data-settings=\"{&quot;background_background&quot;:&quot;classic&quot;}\">\n\t\t\t\t\t<div class=\"e-con-inner\">\n\t\t\t\t<div class=\"elementor-element elementor-element-50af21e elementor-widget__width-inherit elementor-widget elementor-widget-heading\" data-id=\"50af21e\" data-element_type=\"widget\" data-widget_type=\"heading.default\">\n\t\t\t\t<div class=\"elementor-widget-container\">\n\t\t\t\t\t<h2 class=\"elementor-heading-title elementor-size-default\">Automatizadores Sistema DC<\/h2>\t\t\t\t<\/div>\n\t\t\t\t<\/div>\n\t\t\t\t\t<\/div>\n\t\t\t\t<\/div>\n\t\t\t\t\t<\/div>\n\t\t\t\t<\/div>\n\t\t\t\t<div class=\"elementor-element elementor-element-0150831 elementor-widget elementor-widget-text-editor\" data-id=\"0150831\" data-element_type=\"widget\" data-widget_type=\"text-editor.default\">\n\t\t\t\t<div class=\"elementor-widget-container\">\n\t\t\t\t\t\t\t\t\t<p>Sistema de alimenta\u00e7\u00e3o el\u00e9trica de corrente cont\u00ednua, conhecida e utilizada constantemente em nossos equipamentos<br \/>eletr\u00f4nicos. A vantagem em adquirir esse sistema \u00e9 a tecnologia em ter um equipamento completo a uma central de comando com nobreak com 2 controles.<br \/><br \/>A autonomia do nobreak na falta de energia el\u00e9trica \u00e9 de 36 horas ou 10 acionamentos.<\/p>\t\t\t\t\t\t\t\t<\/div>\n\t\t\t\t<\/div>\n\t\t\t\t<div class=\"elementor-element elementor-element-bfbb9bd elementor-widget__width-auto elementor-widget elementor-widget-heading\" data-id=\"bfbb9bd\" data-element_type=\"widget\" data-widget_type=\"heading.default\">\n\t\t\t\t<div class=\"elementor-widget-container\">\n\t\t\t\t\t<h2 class=\"elementor-heading-title elementor-size-default\">DC200 AT\u00c9 DC700<\/h2>\t\t\t\t<\/div>\n\t\t\t\t<\/div>\n\t\t\t\t<div class=\"elementor-element elementor-element-cea04c4 elementor-widget__width-initial elementor-widget elementor-widget-Table\" data-id=\"cea04c4\" data-element_type=\"widget\" data-widget_type=\"Table.default\">\n\t\t\t\t<div class=\"elementor-widget-container\">\n\t\t\t\t\t\t\t<table class=\"tafe-table \">\n\t\t\t<thead  class=\"tafe-table-header\">\n\t\t\t\t<tr>\n\t\t\t\t\t<th class=\"elementor-inline-editing elementor-repeater-item-edaa142\"   >Tipo<\/th><th class=\"elementor-inline-editing elementor-repeater-item-6cfbbd6\"   >Medidas<\/th>\t\t\t\t<\/tr>\n\t\t\t<\/thead>\n\t\t\t\t\t\t<tbody class=\"tafe-table-body\">\n\t\t\t\t<tr>\n\t\t\t\t\t<td data-label=\"Tipo\"   class=\"elementor-repeater-item-4b6b9b9 td-content-type-default\" >DC 200 Kg<\/td><td data-label=\"Medidas\"   class=\"elementor-repeater-item-01878b8 td-content-type-default\" >CT1: Compr. 530mm x Alt. 314mm Com Bolacha 4\"<\/td><\/tr><tr><td data-label=\"Tipo\"   class=\"elementor-repeater-item-ed81db4 td-content-type-default\" >DC 300 Kg<\/td><td data-label=\"Medidas\"   class=\"elementor-repeater-item-f2e04f3 td-content-type-default\" >CT2: Compr. 548mm x Alt. 363mm Com Bolacha 4\"<\/td><\/tr><tr><td data-label=\"Tipo\"   class=\"elementor-repeater-item-c997ffa td-content-type-default\" >DC 400 Kg<\/td><td data-label=\"Medidas\"   class=\"elementor-repeater-item-d680693 td-content-type-default\" >CT8: Compr. 580mm x Alt. 395mm Com Bolacha 4\"<\/td><\/tr><tr><td data-label=\"Tipo\"   class=\"elementor-repeater-item-2d36340 td-content-type-default\" >DC 500 Kg<\/td><td data-label=\"Medidas\"   class=\"elementor-repeater-item-23a63e0 td-content-type-default\" >CT3: Compr. 593mm x Alt. 424mm Com Bolacha 5\"<\/td><\/tr><tr><td data-label=\"Tipo\"   class=\"elementor-repeater-item-2b69fac td-content-type-default\" >DC 600 Kg<\/td><td data-label=\"Medidas\"   class=\"elementor-repeater-item-ffce253 td-content-type-default\" >CT3: Compr. 593mm x Alt. 424mm Com Bolacha 5\"<\/td><\/tr><tr><td data-label=\"Tipo\"   class=\"elementor-repeater-item-4037b35 td-content-type-default\" >DC 700 Kg<\/td><td data-label=\"Medidas\"   class=\"elementor-repeater-item-e1f5b8b td-content-type-default\" >CT6: Compr. 650mm x Alt. 454mm Com Bolacha 6\"<\/td>\t\t\t\t<\/tr>\n\t\t\t<\/tbody>\n\t\t<\/table>\n\t\t\n\t\t\t\t\t\t<\/div>\n\t\t\t\t<\/div>\n\t\t\t\t<div class=\"elementor-element elementor-element-1ee83ed elementor-widget__width-auto elementor-widget elementor-widget-heading\" data-id=\"1ee83ed\" data-element_type=\"widget\" data-widget_type=\"heading.default\">\n\t\t\t\t<div class=\"elementor-widget-container\">\n\t\t\t\t\t<h2 class=\"elementor-heading-title elementor-size-default\">Galeria de Fotos<\/h2>\t\t\t\t<\/div>\n\t\t\t\t<\/div>\n\t\t\t\t\t<\/div>\n\t\t\t\t<\/div>\n\t\t\t\t\t<\/div>\n\t\t\t\t<\/div>\n\t\t<div class=\"elementor-element elementor-element-a7e7e5d e-flex e-con-boxed wpr-particle-no wpr-jarallax-no wpr-parallax-no wpr-sticky-section-no wpr-equal-height-no e-con e-parent\" data-id=\"a7e7e5d\" data-element_type=\"container\">\n\t\t\t\t\t<div class=\"e-con-inner\">\n\t\t<div class=\"elementor-element elementor-element-a6cc3f4 e-flex e-con-boxed wpr-particle-no wpr-jarallax-no wpr-parallax-no wpr-sticky-section-no wpr-equal-height-no e-con e-parent\" data-id=\"a6cc3f4\" data-element_type=\"container\" data-settings=\"{&quot;background_background&quot;:&quot;classic&quot;}\">\n\t\t\t\t\t<div class=\"e-con-inner\">\n\t\t\t\t<div class=\"elementor-element elementor-element-65901e2 gallery-spacing-custom elementor-widget__width-auto elementor-widget elementor-widget-image-gallery\" data-id=\"65901e2\" data-element_type=\"widget\" data-widget_type=\"image-gallery.default\">\n\t\t\t\t<div class=\"elementor-widget-container\">\n\t\t\t\t\t\t\t<div class=\"elementor-image-gallery\">\n\t\t\t<div id='gallery-1' class='gallery galleryid-2314 gallery-columns-3 gallery-size-thumbnail'><figure class='gallery-item'>\n\t\t\t<div class='gallery-icon landscape'>\n\t\t\t\t<a data-elementor-open-lightbox=\"yes\" data-elementor-lightbox-slideshow=\"65901e2\" data-elementor-lightbox-title=\"01-dc-300\" data-e-action-hash=\"#elementor-action%3Aaction%3Dlightbox%26settings%3DeyJpZCI6Mjc0NCwidXJsIjoiaHR0cHM6XC9cL2F2YW50ZXBvcnRhc2RlYWNvLmNvbS5iclwvaG9tZVwvd3AtY29udGVudFwvdXBsb2Fkc1wvMjAyM1wvMDVcLzAxLWRjLTMwMC5qcGciLCJzbGlkZXNob3ciOiI2NTkwMWUyIn0%3D\" href='https:\/\/avanteportasdeaco.com.br\/home\/wp-content\/uploads\/2023\/05\/01-dc-300.jpg'><img decoding=\"async\" width=\"150\" height=\"150\" src=\"https:\/\/avanteportasdeaco.com.br\/home\/wp-content\/uploads\/2023\/05\/01-dc-300-150x150.jpg\" class=\"attachment-thumbnail size-thumbnail\" alt=\"\" \/><\/a>\n\t\t\t<\/div><\/figure><figure class='gallery-item'>\n\t\t\t<div class='gallery-icon landscape'>\n\t\t\t\t<a data-elementor-open-lightbox=\"yes\" data-elementor-lightbox-slideshow=\"65901e2\" data-elementor-lightbox-title=\"02-dc-500\" data-e-action-hash=\"#elementor-action%3Aaction%3Dlightbox%26settings%3DeyJpZCI6Mjc0NiwidXJsIjoiaHR0cHM6XC9cL2F2YW50ZXBvcnRhc2RlYWNvLmNvbS5iclwvaG9tZVwvd3AtY29udGVudFwvdXBsb2Fkc1wvMjAyM1wvMDVcLzAyLWRjLTUwMC5qcGciLCJzbGlkZXNob3ciOiI2NTkwMWUyIn0%3D\" href='https:\/\/avanteportasdeaco.com.br\/home\/wp-content\/uploads\/2023\/05\/02-dc-500.jpg'><img decoding=\"async\" width=\"150\" height=\"150\" src=\"https:\/\/avanteportasdeaco.com.br\/home\/wp-content\/uploads\/2023\/05\/02-dc-500-150x150.jpg\" class=\"attachment-thumbnail size-thumbnail\" alt=\"\" \/><\/a>\n\t\t\t<\/div><\/figure><figure class='gallery-item'>\n\t\t\t<div class='gallery-icon landscape'>\n\t\t\t\t<a data-elementor-open-lightbox=\"yes\" data-elementor-lightbox-slideshow=\"65901e2\" data-elementor-lightbox-title=\"03-dc-600\" data-e-action-hash=\"#elementor-action%3Aaction%3Dlightbox%26settings%3DeyJpZCI6Mjc0OCwidXJsIjoiaHR0cHM6XC9cL2F2YW50ZXBvcnRhc2RlYWNvLmNvbS5iclwvaG9tZVwvd3AtY29udGVudFwvdXBsb2Fkc1wvMjAyM1wvMDVcLzAzLWRjLTYwMC5qcGciLCJzbGlkZXNob3ciOiI2NTkwMWUyIn0%3D\" href='https:\/\/avanteportasdeaco.com.br\/home\/wp-content\/uploads\/2023\/05\/03-dc-600.jpg'><img decoding=\"async\" width=\"150\" height=\"150\" src=\"https:\/\/avanteportasdeaco.com.br\/home\/wp-content\/uploads\/2023\/05\/03-dc-600-150x150.jpg\" class=\"attachment-thumbnail size-thumbnail\" alt=\"\" \/><\/a>\n\t\t\t<\/div><\/figure>\n\t\t<\/div>\n\t\t<\/div>\n\t\t\t\t\t\t<\/div>\n\t\t\t\t<\/div>\n\t\t\t\t\t<\/div>\n\t\t\t\t<\/div>\n\t\t\t\t\t<\/div>\n\t\t\t\t<\/div>\n\t\t\t\t<\/div>\n\t\t","protected":false},"excerpt":{"rendered":"<p>Automatizadores Automatizadores Sistema DC Sistema de alimenta\u00e7\u00e3o el\u00e9trica de corrente cont\u00ednua, conhecida e utilizada constantemente em nossos equipamentoseletr\u00f4nicos. A vantagem em adquirir esse sistema \u00e9 a tecnologia em ter um equipamento completo a uma central de comando com nobreak com 2 controles. A autonomia do nobreak na falta de energia el\u00e9trica \u00e9 de 36 horas ou 10 acionamentos. DC200 AT\u00c9 DC700 Tipo Medidas DC 200 Kg CT1: Compr. 530mm x Alt. 314mm Com Bolacha 4&#8243; DC 300 Kg CT2: Compr. 548mm x Alt. 363mm Com Bolacha 4&#8243; DC 400 Kg CT8: Compr. 580mm x Alt. 395mm Com Bolacha 4&#8243; DC 500 Kg CT3: Compr. 593mm x Alt. 424mm Com Bolacha 5&#8243; DC 600 Kg CT3: Compr. 593mm x Alt. 424mm Com Bolacha 5&#8243; DC 700 Kg CT6: Compr. 650mm x Alt. 454mm Com Bolacha 6&#8243; Galeria de Fotos<\/p>\n","protected":false},"author":1,"featured_media":0,"parent":0,"menu_order":0,"comment_status":"closed","ping_status":"closed","template":"","meta":{"site-sidebar-layout":"no-sidebar","site-content-layout":"page-builder","ast-global-header-display":"","ast-banner-title-visibility":"","ast-main-header-display":"","ast-hfb-above-header-display":"","ast-hfb-below-header-display":"","ast-hfb-mobile-header-display":"","site-post-title":"disabled","ast-breadcrumbs-content":"","ast-featured-img":"disabled","footer-sml-layout":"","theme-transparent-header-meta":"default","adv-header-id-meta":"","stick-header-meta":"","header-above-stick-meta":"","header-main-stick-meta":"","header-below-stick-meta":"","_joinchat":[],"footnotes":""},"class_list":["post-2314","page","type-page","status-publish","hentry"],"_links":{"self":[{"href":"https:\/\/avanteportasdeaco.com.br\/home\/avante\/wp-json\/wp\/v2\/pages\/2314","targetHints":{"allow":["GET"]}}],"collection":[{"href":"https:\/\/avanteportasdeaco.com.br\/home\/avante\/wp-json\/wp\/v2\/pages"}],"about":[{"href":"https:\/\/avanteportasdeaco.com.br\/home\/avante\/wp-json\/wp\/v2\/types\/page"}],"author":[{"embeddable":true,"href":"https:\/\/avanteportasdeaco.com.br\/home\/avante\/wp-json\/wp\/v2\/users\/1"}],"replies":[{"embeddable":true,"href":"https:\/\/avanteportasdeaco.com.br\/home\/avante\/wp-json\/wp\/v2\/comments?post=2314"}],"version-history":[{"count":83,"href":"https:\/\/avanteportasdeaco.com.br\/home\/avante\/wp-json\/wp\/v2\/pages\/2314\/revisions"}],"predecessor-version":[{"id":3911,"href":"https:\/\/avanteportasdeaco.com.br\/home\/avante\/wp-json\/wp\/v2\/pages\/2314\/revisions\/3911"}],"wp:attachment":[{"href":"https:\/\/avanteportasdeaco.com.br\/home\/avante\/wp-json\/wp\/v2\/media?parent=2314"}],"curies":[{"name":"wp","href":"https:\/\/api.w.org\/{rel}","templated":true}]}}