{"id":503,"date":"2023-05-10T18:17:35","date_gmt":"2023-05-10T18:17:35","guid":{"rendered":"https:\/\/avanteportasdeaco.com.br\/home\/?page_id=503"},"modified":"2023-08-08T16:56:30","modified_gmt":"2023-08-08T16:56:30","slug":"automatizadores","status":"publish","type":"page","link":"https:\/\/avanteportasdeaco.com.br\/home\/avante\/automatizadores\/","title":{"rendered":"Automatizadores"},"content":{"rendered":"\t\t<div data-elementor-type=\"wp-page\" data-elementor-id=\"503\" class=\"elementor elementor-503\">\n\t\t\t\t<div class=\"elementor-element elementor-element-31b7c4b7 e-flex e-con-boxed wpr-particle-no wpr-jarallax-no wpr-parallax-no wpr-sticky-section-no wpr-equal-height-no e-con e-parent\" data-id=\"31b7c4b7\" data-element_type=\"container\" data-settings=\"{&quot;background_background&quot;:&quot;classic&quot;}\">\n\t\t\t\t\t<div class=\"e-con-inner\">\n\t\t\t\t<div class=\"elementor-element elementor-element-51b39ad5 elementor-widget__width-initial elementor-widget elementor-widget-heading\" data-id=\"51b39ad5\" data-element_type=\"widget\" data-widget_type=\"heading.default\">\n\t\t\t\t<div class=\"elementor-widget-container\">\n\t\t\t\t\t<h2 class=\"elementor-heading-title elementor-size-default\">Automatizadores<\/h2>\t\t\t\t<\/div>\n\t\t\t\t<\/div>\n\t\t\t\t\t<\/div>\n\t\t\t\t<\/div>\n\t\t<div class=\"elementor-element elementor-element-4cd2493 e-flex e-con-boxed wpr-particle-no wpr-jarallax-no wpr-parallax-no wpr-sticky-section-no wpr-equal-height-no e-con e-parent\" data-id=\"4cd2493\" data-element_type=\"container\">\n\t\t\t\t\t<div class=\"e-con-inner\">\n\t\t<div class=\"elementor-element elementor-element-c545b9d e-flex e-con-boxed wpr-particle-no wpr-jarallax-no wpr-parallax-no wpr-sticky-section-no wpr-equal-height-no e-con e-child\" data-id=\"c545b9d\" data-element_type=\"container\">\n\t\t\t\t\t<div class=\"e-con-inner\">\n\t\t<div class=\"elementor-element elementor-element-863e304 e-con-full e-flex wpr-particle-no wpr-jarallax-no wpr-parallax-no wpr-sticky-section-no wpr-equal-height-no e-con e-child\" data-id=\"863e304\" data-element_type=\"container\">\n\t\t\t\t<\/div>\n\t\t<div class=\"elementor-element elementor-element-f9fb577 e-con-full e-flex wpr-particle-no wpr-jarallax-no wpr-parallax-no wpr-sticky-section-no wpr-equal-height-no e-con e-child\" data-id=\"f9fb577\" data-element_type=\"container\">\n\t\t\t\t<div class=\"elementor-element elementor-element-5295f85 elementor-widget elementor-widget-image\" data-id=\"5295f85\" data-element_type=\"widget\" data-widget_type=\"image.default\">\n\t\t\t\t<div class=\"elementor-widget-container\">\n\t\t\t\t\t\t\t\t\t\t\t\t\t\t\t\t<a href=\"https:\/\/avanteportasdeaco.com.br\/home\/avante\/automatizador-ac\/\">\n\t\t\t\t\t\t\t<img fetchpriority=\"high\" decoding=\"async\" width=\"655\" height=\"640\" src=\"https:\/\/avanteportasdeaco.com.br\/home\/wp-content\/uploads\/2023\/07\/modelo-automatizador-ac.jpg\" class=\"attachment-large size-large wp-image-3765\" alt=\"\" srcset=\"https:\/\/avanteportasdeaco.com.br\/home\/wp-content\/uploads\/2023\/07\/modelo-automatizador-ac.jpg 655w, https:\/\/avanteportasdeaco.com.br\/home\/wp-content\/uploads\/2023\/07\/modelo-automatizador-ac-300x293.jpg 300w\" sizes=\"(max-width: 655px) 100vw, 655px\" \/>\t\t\t\t\t\t\t\t<\/a>\n\t\t\t\t\t\t\t\t\t\t\t\t\t\t\t<\/div>\n\t\t\t\t<\/div>\n\t\t\t\t<\/div>\n\t\t<div class=\"elementor-element elementor-element-e802c17 e-con-full e-flex wpr-particle-no wpr-jarallax-no wpr-parallax-no wpr-sticky-section-no wpr-equal-height-no e-con e-child\" data-id=\"e802c17\" data-element_type=\"container\">\n\t\t\t\t<div class=\"elementor-element elementor-element-e53b4c1 elementor-widget elementor-widget-image\" data-id=\"e53b4c1\" data-element_type=\"widget\" data-widget_type=\"image.default\">\n\t\t\t\t<div class=\"elementor-widget-container\">\n\t\t\t\t\t\t\t\t\t\t\t\t\t\t\t\t<a href=\"https:\/\/avanteportasdeaco.com.br\/home\/avante\/automatizador-dc\/\">\n\t\t\t\t\t\t\t<img decoding=\"async\" width=\"655\" height=\"640\" src=\"https:\/\/avanteportasdeaco.com.br\/home\/wp-content\/uploads\/2023\/07\/modelo-automatizador-dc.jpg\" class=\"attachment-large size-large wp-image-3766\" alt=\"\" srcset=\"https:\/\/avanteportasdeaco.com.br\/home\/wp-content\/uploads\/2023\/07\/modelo-automatizador-dc.jpg 655w, https:\/\/avanteportasdeaco.com.br\/home\/wp-content\/uploads\/2023\/07\/modelo-automatizador-dc-300x293.jpg 300w\" sizes=\"(max-width: 655px) 100vw, 655px\" \/>\t\t\t\t\t\t\t\t<\/a>\n\t\t\t\t\t\t\t\t\t\t\t\t\t\t\t<\/div>\n\t\t\t\t<\/div>\n\t\t\t\t<\/div>\n\t\t<div class=\"elementor-element elementor-element-3d94dc6 e-con-full e-flex wpr-particle-no wpr-jarallax-no wpr-parallax-no wpr-sticky-section-no wpr-equal-height-no e-con e-child\" data-id=\"3d94dc6\" data-element_type=\"container\">\n\t\t\t\t<\/div>\n\t\t\t\t\t<\/div>\n\t\t\t\t<\/div>\n\t\t\t\t\t<\/div>\n\t\t\t\t<\/div>\n\t\t<div class=\"elementor-element elementor-element-1ca12d3 e-flex e-con-boxed wpr-particle-no wpr-jarallax-no wpr-parallax-no wpr-sticky-section-no wpr-equal-height-no e-con e-parent\" data-id=\"1ca12d3\" data-element_type=\"container\">\n\t\t\t\t\t<div class=\"e-con-inner\">\n\t\t<div class=\"elementor-element elementor-element-4acc950 e-flex e-con-boxed wpr-particle-no wpr-jarallax-no wpr-parallax-no wpr-sticky-section-no wpr-equal-height-no e-con e-child\" data-id=\"4acc950\" data-element_type=\"container\" data-settings=\"{&quot;background_background&quot;:&quot;classic&quot;}\">\n\t\t\t\t\t<div class=\"e-con-inner\">\n\t\t\t\t<div class=\"elementor-element elementor-element-32b2011 elementor-widget__width-inherit elementor-widget elementor-widget-heading\" data-id=\"32b2011\" data-element_type=\"widget\" data-widget_type=\"heading.default\">\n\t\t\t\t<div class=\"elementor-widget-container\">\n\t\t\t\t\t<h2 class=\"elementor-heading-title elementor-size-default\">Automatizadores para portas de enrolar<\/h2>\t\t\t\t<\/div>\n\t\t\t\t<\/div>\n\t\t\t\t\t<\/div>\n\t\t\t\t<\/div>\n\t\t\t\t\t<\/div>\n\t\t\t\t<\/div>\n\t\t<div class=\"elementor-element elementor-element-d3a4464 e-flex e-con-boxed wpr-particle-no wpr-jarallax-no wpr-parallax-no wpr-sticky-section-no wpr-equal-height-no e-con e-parent\" data-id=\"d3a4464\" data-element_type=\"container\">\n\t\t\t\t\t<div class=\"e-con-inner\">\n\t\t\t\t<div class=\"elementor-element elementor-element-b1afc01 elementor-widget-mobile__width-initial elementor-widget elementor-widget-text-editor\" data-id=\"b1afc01\" data-element_type=\"widget\" data-widget_type=\"text-editor.default\">\n\t\t\t\t<div class=\"elementor-widget-container\">\n\t\t\t\t\t\t\t\t\t<p class=\"style27\">O sistema de automatiza\u00e7\u00e3o substitui as antigas molas, eliminando a necessidade de constantes reparos ou trocas de pe\u00e7as, reduzindo custo aos usu\u00e1rios.<\/p><p class=\"style25\"><strong>O sistema \u00e9 composto de:<\/strong><\/p><p class=\"style27\">&#8211; Automa\u00e7\u00e3o com motor redutor;<br \/>&#8211; Capacidade de tra\u00e7\u00e3o de acordo com o peso da porta;<br \/>&#8211; Fluxo normal ou alto fluxo;<br \/>&#8211; Tens\u00e3o utilizada: 220 Volts;<br \/>&#8211; Freio eletromec\u00e2nico;<br \/>&#8211; Acionamento atrav\u00e9s de botoeira de comando e op\u00e7\u00e3o para controle remoto;<br \/>&#8211; Sistema de libera\u00e7\u00e3o para funcionamento manual (no caso de falta de energia el\u00e9trica) atrav\u00e9s de corrente (talha manual).<\/p>\t\t\t\t\t\t\t\t<\/div>\n\t\t\t\t<\/div>\n\t\t\t\t<div class=\"elementor-element elementor-element-531a685 elementor-widget elementor-widget-heading\" data-id=\"531a685\" data-element_type=\"widget\" data-widget_type=\"heading.default\">\n\t\t\t\t<div class=\"elementor-widget-container\">\n\t\t\t\t\t<h2 class=\"elementor-heading-title elementor-size-default\">Compara\u00e7\u00e3o: Portas tradicionais x portas autom\u00e1ticas<\/h2>\t\t\t\t<\/div>\n\t\t\t\t<\/div>\n\t\t\t\t<div class=\"elementor-element elementor-element-16dc479 elementor-widget__width-inherit elementor-widget-mobile__width-initial elementor-widget elementor-widget-Table\" data-id=\"16dc479\" data-element_type=\"widget\" data-widget_type=\"Table.default\">\n\t\t\t\t<div class=\"elementor-widget-container\">\n\t\t\t\t\t\t\t<table class=\"tafe-table \">\n\t\t\t<thead  class=\"tafe-table-header\">\n\t\t\t\t<tr>\n\t\t\t\t\t<th class=\"elementor-inline-editing elementor-repeater-item-67c3234\"  colSpan=\"1\" >Caracteristicas das portas<\/th><th class=\"elementor-inline-editing elementor-repeater-item-21e544a\"   >Portas Tradicionais<\/th><th class=\"elementor-inline-editing elementor-repeater-item-adbe3ac\"   >Portas Autom\u00e1ticas<\/th>\t\t\t\t<\/tr>\n\t\t\t<\/thead>\n\t\t\t\t\t\t<tbody class=\"tafe-table-body\">\n\t\t\t\t<tr>\n\t\t\t\t\t<\/tr><tr><td data-label=\"Caracteristicas das portas\" colSpan=\"1\"  class=\"elementor-repeater-item-c5d0c10 td-content-type-default\" >1- Manuten\u00e7\u00e3o \/ Estrutura da porta<\/td><td data-label=\"Portas Autom\u00e1ticas\" colSpan=\"1\"  class=\"elementor-repeater-item-bcba944 td-content-type-default\" >- Troca peri\u00f3dica das molas. <br>\n- Adi\u00e7\u00e3o de graxa \/ lubrificante.<\/td><td data-label=\"\" colSpan=\"1\"  class=\"elementor-repeater-item-167a0ac td-content-type-default\" >- Adi\u00e7\u00e3o anual de graxa ou lubrificante.<\/td><\/tr><tr><td data-label=\"Caracteristicas das portas\"   class=\"elementor-repeater-item-c06cca3 td-content-type-default\" >1- Modo Operacional<\/td><td data-label=\"Portas Tradicionais\"   class=\"elementor-repeater-item-44e44ff td-content-type-default\" >- Uso da for\u00e7a humana para abrir e fechar a porta.<\/td><td data-label=\"Portas Autom\u00e1ticas\"   class=\"elementor-repeater-item-8b68ab7 td-content-type-default\" >- Facil de operar <br>\n- For\u00e7a eletromotriz <br>\n- Uso de controle a longa dist\u00e2ncia.<\/td>\t\t\t\t<\/tr>\n\t\t\t<\/tbody>\n\t\t<\/table>\n\t\t\n\t\t\t\t\t\t<\/div>\n\t\t\t\t<\/div>\n\t\t\t\t\t<\/div>\n\t\t\t\t<\/div>\n\t\t<div class=\"elementor-element elementor-element-7600f62 e-flex e-con-boxed wpr-particle-no wpr-jarallax-no wpr-parallax-no wpr-sticky-section-no wpr-equal-height-no e-con e-parent\" data-id=\"7600f62\" data-element_type=\"container\">\n\t\t\t\t\t<div class=\"e-con-inner\">\n\t\t<div class=\"elementor-element elementor-element-1eb1014 e-flex e-con-boxed wpr-particle-no wpr-jarallax-no wpr-parallax-no wpr-sticky-section-no wpr-equal-height-no e-con e-child\" data-id=\"1eb1014\" data-element_type=\"container\">\n\t\t\t\t\t<div class=\"e-con-inner\">\n\t\t<div class=\"elementor-element elementor-element-7d478a9 e-flex e-con-boxed wpr-particle-no wpr-jarallax-no wpr-parallax-no wpr-sticky-section-no wpr-equal-height-no e-con e-child\" data-id=\"7d478a9\" data-element_type=\"container\" data-settings=\"{&quot;background_background&quot;:&quot;classic&quot;}\">\n\t\t\t\t\t<div class=\"e-con-inner\">\n\t\t\t\t<div class=\"elementor-element elementor-element-bc6b21b elementor-widget__width-inherit elementor-widget elementor-widget-heading\" data-id=\"bc6b21b\" data-element_type=\"widget\" data-widget_type=\"heading.default\">\n\t\t\t\t<div class=\"elementor-widget-container\">\n\t\t\t\t\t<h2 class=\"elementor-heading-title elementor-size-default\">Acess\u00f3rios para Automatizadores<\/h2>\t\t\t\t<\/div>\n\t\t\t\t<\/div>\n\t\t\t\t\t<\/div>\n\t\t\t\t<\/div>\n\t\t\t\t\t<\/div>\n\t\t\t\t<\/div>\n\t\t\t\t\t<\/div>\n\t\t\t\t<\/div>\n\t\t<div class=\"elementor-element elementor-element-cef0049 e-flex e-con-boxed wpr-particle-no wpr-jarallax-no wpr-parallax-no wpr-sticky-section-no wpr-equal-height-no e-con e-parent\" data-id=\"cef0049\" data-element_type=\"container\">\n\t\t\t\t\t<div class=\"e-con-inner\">\n\t\t\t\t<div class=\"elementor-element elementor-element-449178a gallery-spacing-custom elementor-widget__width-auto elementor-widget elementor-widget-image-gallery\" data-id=\"449178a\" data-element_type=\"widget\" data-widget_type=\"image-gallery.default\">\n\t\t\t\t<div class=\"elementor-widget-container\">\n\t\t\t\t\t\t\t<div class=\"elementor-image-gallery\">\n\t\t\t<div id='gallery-1' class='gallery galleryid-503 gallery-columns-4 gallery-size-thumbnail'><figure class='gallery-item'>\n\t\t\t<div class='gallery-icon portrait'>\n\t\t\t\t<a data-elementor-open-lightbox=\"yes\" data-elementor-lightbox-slideshow=\"449178a\" data-elementor-lightbox-title=\"botoeira\" data-e-action-hash=\"#elementor-action%3Aaction%3Dlightbox%26settings%3DeyJpZCI6MjI4MCwidXJsIjoiaHR0cHM6XC9cL2F2YW50ZXBvcnRhc2RlYWNvLmNvbS5iclwvaG9tZVwvd3AtY29udGVudFwvdXBsb2Fkc1wvMjAyM1wvMDVcL2JvdG9laXJhLmpwZyIsInNsaWRlc2hvdyI6IjQ0OTE3OGEifQ%3D%3D\" href='https:\/\/avanteportasdeaco.com.br\/home\/wp-content\/uploads\/2023\/05\/botoeira.jpg'><img decoding=\"async\" width=\"150\" height=\"150\" src=\"https:\/\/avanteportasdeaco.com.br\/home\/wp-content\/uploads\/2023\/05\/botoeira-150x150.jpg\" class=\"attachment-thumbnail size-thumbnail\" alt=\"\" aria-describedby=\"gallery-1-2280\" \/><\/a>\n\t\t\t<\/div>\n\t\t\t\t<figcaption class='wp-caption-text gallery-caption' id='gallery-1-2280'>\n\t\t\t\tBotoeira\n\t\t\t\t<\/figcaption><\/figure><figure class='gallery-item'>\n\t\t\t<div class='gallery-icon portrait'>\n\t\t\t\t<a data-elementor-open-lightbox=\"yes\" data-elementor-lightbox-slideshow=\"449178a\" data-elementor-lightbox-title=\"caixa-em-inox\" data-e-action-hash=\"#elementor-action%3Aaction%3Dlightbox%26settings%3DeyJpZCI6MjI4MSwidXJsIjoiaHR0cHM6XC9cL2F2YW50ZXBvcnRhc2RlYWNvLmNvbS5iclwvaG9tZVwvd3AtY29udGVudFwvdXBsb2Fkc1wvMjAyM1wvMDVcL2NhaXhhLWVtLWlub3guanBnIiwic2xpZGVzaG93IjoiNDQ5MTc4YSJ9\" href='https:\/\/avanteportasdeaco.com.br\/home\/wp-content\/uploads\/2023\/05\/caixa-em-inox.jpg'><img loading=\"lazy\" decoding=\"async\" width=\"150\" height=\"150\" src=\"https:\/\/avanteportasdeaco.com.br\/home\/wp-content\/uploads\/2023\/05\/caixa-em-inox-150x150.jpg\" class=\"attachment-thumbnail size-thumbnail\" alt=\"\" aria-describedby=\"gallery-1-2281\" \/><\/a>\n\t\t\t<\/div>\n\t\t\t\t<figcaption class='wp-caption-text gallery-caption' id='gallery-1-2281'>\n\t\t\t\tCaixa em Inox\n\t\t\t\t<\/figcaption><\/figure><figure class='gallery-item'>\n\t\t\t<div class='gallery-icon landscape'>\n\t\t\t\t<a data-elementor-open-lightbox=\"yes\" data-elementor-lightbox-slideshow=\"449178a\" data-elementor-lightbox-title=\"kit-at88a\" data-e-action-hash=\"#elementor-action%3Aaction%3Dlightbox%26settings%3DeyJpZCI6MjI4MiwidXJsIjoiaHR0cHM6XC9cL2F2YW50ZXBvcnRhc2RlYWNvLmNvbS5iclwvaG9tZVwvd3AtY29udGVudFwvdXBsb2Fkc1wvMjAyM1wvMDVcL2tpdC1hdDg4YS5qcGciLCJzbGlkZXNob3ciOiI0NDkxNzhhIn0%3D\" href='https:\/\/avanteportasdeaco.com.br\/home\/wp-content\/uploads\/2023\/05\/kit-at88a.jpg'><img loading=\"lazy\" decoding=\"async\" width=\"150\" height=\"150\" src=\"https:\/\/avanteportasdeaco.com.br\/home\/wp-content\/uploads\/2023\/05\/kit-at88a-150x150.jpg\" class=\"attachment-thumbnail size-thumbnail\" alt=\"\" aria-describedby=\"gallery-1-2282\" \/><\/a>\n\t\t\t<\/div>\n\t\t\t\t<figcaption class='wp-caption-text gallery-caption' id='gallery-1-2282'>\n\t\t\t\tKit AT88A\n\t\t\t\t<\/figcaption><\/figure><figure class='gallery-item'>\n\t\t\t<div class='gallery-icon landscape'>\n\t\t\t\t<a data-elementor-open-lightbox=\"yes\" data-elementor-lightbox-slideshow=\"449178a\" data-elementor-lightbox-title=\"kit-at99a\" data-e-action-hash=\"#elementor-action%3Aaction%3Dlightbox%26settings%3DeyJpZCI6MjI4MywidXJsIjoiaHR0cHM6XC9cL2F2YW50ZXBvcnRhc2RlYWNvLmNvbS5iclwvaG9tZVwvd3AtY29udGVudFwvdXBsb2Fkc1wvMjAyM1wvMDVcL2tpdC1hdDk5YS5qcGciLCJzbGlkZXNob3ciOiI0NDkxNzhhIn0%3D\" href='https:\/\/avanteportasdeaco.com.br\/home\/wp-content\/uploads\/2023\/05\/kit-at99a.jpg'><img loading=\"lazy\" decoding=\"async\" width=\"150\" height=\"150\" src=\"https:\/\/avanteportasdeaco.com.br\/home\/wp-content\/uploads\/2023\/05\/kit-at99a-150x150.jpg\" class=\"attachment-thumbnail size-thumbnail\" alt=\"\" aria-describedby=\"gallery-1-2283\" \/><\/a>\n\t\t\t<\/div>\n\t\t\t\t<figcaption class='wp-caption-text gallery-caption' id='gallery-1-2283'>\n\t\t\t\tKit AT99A\n\t\t\t\t<\/figcaption><\/figure><figure class='gallery-item'>\n\t\t\t<div class='gallery-icon portrait'>\n\t\t\t\t<a data-elementor-open-lightbox=\"yes\" data-elementor-lightbox-slideshow=\"449178a\" data-elementor-lightbox-title=\"no-break\" data-e-action-hash=\"#elementor-action%3Aaction%3Dlightbox%26settings%3DeyJpZCI6MjI4NCwidXJsIjoiaHR0cHM6XC9cL2F2YW50ZXBvcnRhc2RlYWNvLmNvbS5iclwvaG9tZVwvd3AtY29udGVudFwvdXBsb2Fkc1wvMjAyM1wvMDVcL25vLWJyZWFrLmpwZyIsInNsaWRlc2hvdyI6IjQ0OTE3OGEifQ%3D%3D\" href='https:\/\/avanteportasdeaco.com.br\/home\/wp-content\/uploads\/2023\/05\/no-break.jpg'><img loading=\"lazy\" decoding=\"async\" width=\"150\" height=\"150\" src=\"https:\/\/avanteportasdeaco.com.br\/home\/wp-content\/uploads\/2023\/05\/no-break-150x150.jpg\" class=\"attachment-thumbnail size-thumbnail\" alt=\"\" aria-describedby=\"gallery-1-2284\" \/><\/a>\n\t\t\t<\/div>\n\t\t\t\t<figcaption class='wp-caption-text gallery-caption' id='gallery-1-2284'>\n\t\t\t\tNo-break\n\t\t\t\t<\/figcaption><\/figure><figure class='gallery-item'>\n\t\t\t<div class='gallery-icon landscape'>\n\t\t\t\t<a data-elementor-open-lightbox=\"yes\" data-elementor-lightbox-slideshow=\"449178a\" data-elementor-lightbox-title=\"sistema-de-alarme\" data-e-action-hash=\"#elementor-action%3Aaction%3Dlightbox%26settings%3DeyJpZCI6MjI4NSwidXJsIjoiaHR0cHM6XC9cL2F2YW50ZXBvcnRhc2RlYWNvLmNvbS5iclwvaG9tZVwvd3AtY29udGVudFwvdXBsb2Fkc1wvMjAyM1wvMDVcL3Npc3RlbWEtZGUtYWxhcm1lLmpwZyIsInNsaWRlc2hvdyI6IjQ0OTE3OGEifQ%3D%3D\" href='https:\/\/avanteportasdeaco.com.br\/home\/wp-content\/uploads\/2023\/05\/sistema-de-alarme.jpg'><img loading=\"lazy\" decoding=\"async\" width=\"150\" height=\"150\" src=\"https:\/\/avanteportasdeaco.com.br\/home\/wp-content\/uploads\/2023\/05\/sistema-de-alarme-150x150.jpg\" class=\"attachment-thumbnail size-thumbnail\" alt=\"\" aria-describedby=\"gallery-1-2285\" \/><\/a>\n\t\t\t<\/div>\n\t\t\t\t<figcaption class='wp-caption-text gallery-caption' id='gallery-1-2285'>\n\t\t\t\tSistema de Alarme\n\t\t\t\t<\/figcaption><\/figure><figure class='gallery-item'>\n\t\t\t<div class='gallery-icon landscape'>\n\t\t\t\t<a data-elementor-open-lightbox=\"yes\" data-elementor-lightbox-slideshow=\"449178a\" data-elementor-lightbox-title=\"sistema-infravermelho\" data-e-action-hash=\"#elementor-action%3Aaction%3Dlightbox%26settings%3DeyJpZCI6MjI4NiwidXJsIjoiaHR0cHM6XC9cL2F2YW50ZXBvcnRhc2RlYWNvLmNvbS5iclwvaG9tZVwvd3AtY29udGVudFwvdXBsb2Fkc1wvMjAyM1wvMDVcL3Npc3RlbWEtaW5mcmF2ZXJtZWxoby5qcGciLCJzbGlkZXNob3ciOiI0NDkxNzhhIn0%3D\" href='https:\/\/avanteportasdeaco.com.br\/home\/wp-content\/uploads\/2023\/05\/sistema-infravermelho.jpg'><img loading=\"lazy\" decoding=\"async\" width=\"150\" height=\"150\" src=\"https:\/\/avanteportasdeaco.com.br\/home\/wp-content\/uploads\/2023\/05\/sistema-infravermelho-150x150.jpg\" class=\"attachment-thumbnail size-thumbnail\" alt=\"\" aria-describedby=\"gallery-1-2286\" \/><\/a>\n\t\t\t<\/div>\n\t\t\t\t<figcaption class='wp-caption-text gallery-caption' id='gallery-1-2286'>\n\t\t\t\tSistema Infravermelho\n\t\t\t\t<\/figcaption><\/figure>\n\t\t<\/div>\n\t\t<\/div>\n\t\t\t\t\t\t<\/div>\n\t\t\t\t<\/div>\n\t\t\t\t\t<\/div>\n\t\t\t\t<\/div>\n\t\t\t\t<\/div>\n\t\t","protected":false},"excerpt":{"rendered":"<p>Automatizadores Automatizadores para portas de enrolar O sistema de automatiza\u00e7\u00e3o substitui as antigas molas, eliminando a necessidade de constantes reparos ou trocas de pe\u00e7as, reduzindo custo aos usu\u00e1rios. O sistema \u00e9 composto de: &#8211; Automa\u00e7\u00e3o com motor redutor;&#8211; Capacidade de tra\u00e7\u00e3o de acordo com o peso da porta;&#8211; Fluxo normal ou alto fluxo;&#8211; Tens\u00e3o utilizada: 220 Volts;&#8211; Freio eletromec\u00e2nico;&#8211; Acionamento atrav\u00e9s de botoeira de comando e op\u00e7\u00e3o para controle remoto;&#8211; Sistema de libera\u00e7\u00e3o para funcionamento manual (no caso de falta de energia el\u00e9trica) atrav\u00e9s de corrente (talha manual). Compara\u00e7\u00e3o: Portas tradicionais x portas autom\u00e1ticas Caracteristicas das portas Portas Tradicionais Portas Autom\u00e1ticas 1- Manuten\u00e7\u00e3o \/ Estrutura da porta &#8211; Troca peri\u00f3dica das molas. &#8211; Adi\u00e7\u00e3o de graxa \/ lubrificante. &#8211; Adi\u00e7\u00e3o anual de graxa ou lubrificante. 1- Modo Operacional &#8211; Uso da for\u00e7a humana para abrir e fechar a porta. &#8211; Facil de operar &#8211; For\u00e7a eletromotriz &#8211; Uso de controle a longa dist\u00e2ncia. Acess\u00f3rios para Automatizadores Botoeira Caixa em Inox Kit AT88A Kit AT99A No-break Sistema de Alarme Sistema Infravermelho<\/p>\n","protected":false},"author":1,"featured_media":0,"parent":0,"menu_order":0,"comment_status":"closed","ping_status":"closed","template":"","meta":{"site-sidebar-layout":"no-sidebar","site-content-layout":"page-builder","ast-global-header-display":"","ast-banner-title-visibility":"","ast-main-header-display":"","ast-hfb-above-header-display":"","ast-hfb-below-header-display":"","ast-hfb-mobile-header-display":"","site-post-title":"disabled","ast-breadcrumbs-content":"","ast-featured-img":"disabled","footer-sml-layout":"","theme-transparent-header-meta":"default","adv-header-id-meta":"","stick-header-meta":"","header-above-stick-meta":"","header-main-stick-meta":"","header-below-stick-meta":"","_joinchat":[],"footnotes":""},"class_list":["post-503","page","type-page","status-publish","hentry"],"_links":{"self":[{"href":"https:\/\/avanteportasdeaco.com.br\/home\/avante\/wp-json\/wp\/v2\/pages\/503","targetHints":{"allow":["GET"]}}],"collection":[{"href":"https:\/\/avanteportasdeaco.com.br\/home\/avante\/wp-json\/wp\/v2\/pages"}],"about":[{"href":"https:\/\/avanteportasdeaco.com.br\/home\/avante\/wp-json\/wp\/v2\/types\/page"}],"author":[{"embeddable":true,"href":"https:\/\/avanteportasdeaco.com.br\/home\/avante\/wp-json\/wp\/v2\/users\/1"}],"replies":[{"embeddable":true,"href":"https:\/\/avanteportasdeaco.com.br\/home\/avante\/wp-json\/wp\/v2\/comments?post=503"}],"version-history":[{"count":243,"href":"https:\/\/avanteportasdeaco.com.br\/home\/avante\/wp-json\/wp\/v2\/pages\/503\/revisions"}],"predecessor-version":[{"id":4313,"href":"https:\/\/avanteportasdeaco.com.br\/home\/avante\/wp-json\/wp\/v2\/pages\/503\/revisions\/4313"}],"wp:attachment":[{"href":"https:\/\/avanteportasdeaco.com.br\/home\/avante\/wp-json\/wp\/v2\/media?parent=503"}],"curies":[{"name":"wp","href":"https:\/\/api.w.org\/{rel}","templated":true}]}}