{"id":518,"date":"2023-05-10T18:19:12","date_gmt":"2023-05-10T18:19:12","guid":{"rendered":"https:\/\/avanteportasdeaco.com.br\/home\/?page_id=518"},"modified":"2023-07-19T19:29:12","modified_gmt":"2023-07-19T19:29:12","slug":"acessorios-e-materiais-para-serralheria-em-geral","status":"publish","type":"page","link":"https:\/\/avanteportasdeaco.com.br\/home\/avante\/acessorios-e-materiais-para-serralheria-em-geral\/","title":{"rendered":"Acess\u00f3rios e Materiais para Serralheria em Geral"},"content":{"rendered":"\t\t<div data-elementor-type=\"wp-page\" data-elementor-id=\"518\" class=\"elementor elementor-518\">\n\t\t\t\t<div class=\"elementor-element elementor-element-694a2912 e-flex e-con-boxed wpr-particle-no wpr-jarallax-no wpr-parallax-no wpr-sticky-section-no wpr-equal-height-no e-con e-parent\" data-id=\"694a2912\" data-element_type=\"container\" data-settings=\"{&quot;background_background&quot;:&quot;classic&quot;}\">\n\t\t\t\t\t<div class=\"e-con-inner\">\n\t\t\t\t<div class=\"elementor-element elementor-element-76c784fe elementor-widget__width-initial elementor-widget elementor-widget-heading\" data-id=\"76c784fe\" data-element_type=\"widget\" data-widget_type=\"heading.default\">\n\t\t\t\t<div class=\"elementor-widget-container\">\n\t\t\t\t\t<h2 class=\"elementor-heading-title elementor-size-default\">Acess\u00f3rios e Materiais para Serralheria em Geral<\/h2>\t\t\t\t<\/div>\n\t\t\t\t<\/div>\n\t\t\t\t\t<\/div>\n\t\t\t\t<\/div>\n\t\t<div class=\"elementor-element elementor-element-a7d685f e-flex e-con-boxed wpr-particle-no wpr-jarallax-no wpr-parallax-no wpr-sticky-section-no wpr-equal-height-no e-con e-parent\" data-id=\"a7d685f\" data-element_type=\"container\">\n\t\t\t\t\t<div class=\"e-con-inner\">\n\t\t<div class=\"elementor-element elementor-element-7f3018de e-flex e-con-boxed wpr-particle-no wpr-jarallax-no wpr-parallax-no wpr-sticky-section-no wpr-equal-height-no e-con e-child\" data-id=\"7f3018de\" data-element_type=\"container\">\n\t\t\t\t\t<div class=\"e-con-inner\">\n\t\t\t\t<div class=\"elementor-element elementor-element-3369fa32 elementor-widget__width-inherit elementor-widget elementor-widget-text-editor\" data-id=\"3369fa32\" data-element_type=\"widget\" data-widget_type=\"text-editor.default\">\n\t\t\t\t<div class=\"elementor-widget-container\">\n\t\t\t\t\t\t\t\t\t<p><span class=\"style16\">Acess\u00f3rios para port\u00f5es, controles remotos, automatizadores, l\u00e2minas, portas, ferramentas, materias para serralheria em geral. Acesse nosso whatsapp e veja rela\u00e7\u00e3o de nossos produtos \u00e0 venda.<\/span><span class=\"style22 style24\"><br \/><\/span><\/p>\t\t\t\t\t\t\t\t<\/div>\n\t\t\t\t<\/div>\n\t\t\t\t\t<\/div>\n\t\t\t\t<\/div>\n\t\t\t\t\t<\/div>\n\t\t\t\t<\/div>\n\t\t<div class=\"elementor-element elementor-element-214c5f5a e-flex e-con-boxed wpr-particle-no wpr-jarallax-no wpr-parallax-no wpr-sticky-section-no wpr-equal-height-no e-con e-parent\" data-id=\"214c5f5a\" data-element_type=\"container\">\n\t\t\t\t\t<div class=\"e-con-inner\">\n\t\t\t\t<div class=\"elementor-element elementor-element-6bf1d574 elementor-align-center elementor-widget elementor-widget-button\" data-id=\"6bf1d574\" data-element_type=\"widget\" data-widget_type=\"button.default\">\n\t\t\t\t<div class=\"elementor-widget-container\">\n\t\t\t\t\t\t\t\t\t<div class=\"elementor-button-wrapper\">\n\t\t\t\t\t<a class=\"elementor-button elementor-button-link elementor-size-sm\" href=\"https:\/\/api.whatsapp.com\/send\/?phone=551122925806&#038;text&#038;type=phone_number&#038;app_absent=0\" target=\"_blank\">\n\t\t\t\t\t\t<span class=\"elementor-button-content-wrapper\">\n\t\t\t\t\t\t\t\t\t<span class=\"elementor-button-text\">Acesse nossa loja no Whatsapp<\/span>\n\t\t\t\t\t<\/span>\n\t\t\t\t\t<\/a>\n\t\t\t\t<\/div>\n\t\t\t\t\t\t\t\t<\/div>\n\t\t\t\t<\/div>\n\t\t\t\t\t<\/div>\n\t\t\t\t<\/div>\n\t\t<div class=\"elementor-element elementor-element-5a191f5 e-flex e-con-boxed wpr-particle-no wpr-jarallax-no wpr-parallax-no wpr-sticky-section-no wpr-equal-height-no e-con e-parent\" data-id=\"5a191f5\" data-element_type=\"container\">\n\t\t\t\t\t<div class=\"e-con-inner\">\n\t\t<div class=\"elementor-element elementor-element-2f375e9 e-flex e-con-boxed wpr-particle-no wpr-jarallax-no wpr-parallax-no wpr-sticky-section-no wpr-equal-height-no e-con e-child\" data-id=\"2f375e9\" data-element_type=\"container\">\n\t\t\t\t\t<div class=\"e-con-inner\">\n\t\t<div class=\"elementor-element elementor-element-0119709 e-flex e-con-boxed wpr-particle-no wpr-jarallax-no wpr-parallax-no wpr-sticky-section-no wpr-equal-height-no e-con e-child\" data-id=\"0119709\" data-element_type=\"container\">\n\t\t\t\t\t<div class=\"e-con-inner\">\n\t\t\t\t<div class=\"elementor-element elementor-element-4af004c gallery-spacing-custom elementor-widget__width-auto elementor-widget elementor-widget-image-gallery\" data-id=\"4af004c\" data-element_type=\"widget\" data-widget_type=\"image-gallery.default\">\n\t\t\t\t<div class=\"elementor-widget-container\">\n\t\t\t\t\t\t\t<div class=\"elementor-image-gallery\">\n\t\t\t<div id='gallery-1' class='gallery galleryid-518 gallery-columns-4 gallery-size-full'><figure class='gallery-item'>\n\t\t\t<div class='gallery-icon landscape'>\n\t\t\t\t<a data-elementor-open-lightbox=\"yes\" data-elementor-lightbox-slideshow=\"4af004c\" data-elementor-lightbox-title=\"Ferramentas Avante Portas de A\u00e7o 01\" data-e-action-hash=\"#elementor-action%3Aaction%3Dlightbox%26settings%3DeyJpZCI6Mzk2OCwidXJsIjoiaHR0cHM6XC9cL2F2YW50ZXBvcnRhc2RlYWNvLmNvbS5iclwvaG9tZVwvd3AtY29udGVudFwvdXBsb2Fkc1wvMjAyM1wvMDdcL0ZlcnJhbWVudGFzLUF2YW50ZS1Qb3J0YXMtZGUtQWNvLTAxLmpwZWciLCJzbGlkZXNob3ciOiI0YWYwMDRjIn0%3D\" href='https:\/\/avanteportasdeaco.com.br\/home\/wp-content\/uploads\/2023\/07\/Ferramentas-Avante-Portas-de-Aco-01.jpeg'><img fetchpriority=\"high\" decoding=\"async\" width=\"1600\" height=\"1159\" src=\"https:\/\/avanteportasdeaco.com.br\/home\/wp-content\/uploads\/2023\/07\/Ferramentas-Avante-Portas-de-Aco-01.jpeg\" class=\"attachment-full size-full\" alt=\"\" srcset=\"https:\/\/avanteportasdeaco.com.br\/home\/wp-content\/uploads\/2023\/07\/Ferramentas-Avante-Portas-de-Aco-01.jpeg 1600w, https:\/\/avanteportasdeaco.com.br\/home\/wp-content\/uploads\/2023\/07\/Ferramentas-Avante-Portas-de-Aco-01-300x217.jpeg 300w, https:\/\/avanteportasdeaco.com.br\/home\/wp-content\/uploads\/2023\/07\/Ferramentas-Avante-Portas-de-Aco-01-1024x742.jpeg 1024w, https:\/\/avanteportasdeaco.com.br\/home\/wp-content\/uploads\/2023\/07\/Ferramentas-Avante-Portas-de-Aco-01-768x556.jpeg 768w, https:\/\/avanteportasdeaco.com.br\/home\/wp-content\/uploads\/2023\/07\/Ferramentas-Avante-Portas-de-Aco-01-1536x1113.jpeg 1536w\" sizes=\"(max-width: 1600px) 100vw, 1600px\" \/><\/a>\n\t\t\t<\/div><\/figure><figure class='gallery-item'>\n\t\t\t<div class='gallery-icon landscape'>\n\t\t\t\t<a data-elementor-open-lightbox=\"yes\" data-elementor-lightbox-slideshow=\"4af004c\" data-elementor-lightbox-title=\"Ferramentas Avante Portas de A\u00e7o 02\" data-e-action-hash=\"#elementor-action%3Aaction%3Dlightbox%26settings%3DeyJpZCI6Mzk2OSwidXJsIjoiaHR0cHM6XC9cL2F2YW50ZXBvcnRhc2RlYWNvLmNvbS5iclwvaG9tZVwvd3AtY29udGVudFwvdXBsb2Fkc1wvMjAyM1wvMDdcL0ZlcnJhbWVudGFzLUF2YW50ZS1Qb3J0YXMtZGUtQWNvLTAyLmpwZWciLCJzbGlkZXNob3ciOiI0YWYwMDRjIn0%3D\" href='https:\/\/avanteportasdeaco.com.br\/home\/wp-content\/uploads\/2023\/07\/Ferramentas-Avante-Portas-de-Aco-02.jpeg'><img decoding=\"async\" width=\"1600\" height=\"1183\" src=\"https:\/\/avanteportasdeaco.com.br\/home\/wp-content\/uploads\/2023\/07\/Ferramentas-Avante-Portas-de-Aco-02.jpeg\" class=\"attachment-full size-full\" alt=\"\" srcset=\"https:\/\/avanteportasdeaco.com.br\/home\/wp-content\/uploads\/2023\/07\/Ferramentas-Avante-Portas-de-Aco-02.jpeg 1600w, https:\/\/avanteportasdeaco.com.br\/home\/wp-content\/uploads\/2023\/07\/Ferramentas-Avante-Portas-de-Aco-02-300x222.jpeg 300w, https:\/\/avanteportasdeaco.com.br\/home\/wp-content\/uploads\/2023\/07\/Ferramentas-Avante-Portas-de-Aco-02-1024x757.jpeg 1024w, https:\/\/avanteportasdeaco.com.br\/home\/wp-content\/uploads\/2023\/07\/Ferramentas-Avante-Portas-de-Aco-02-768x568.jpeg 768w, https:\/\/avanteportasdeaco.com.br\/home\/wp-content\/uploads\/2023\/07\/Ferramentas-Avante-Portas-de-Aco-02-1536x1136.jpeg 1536w\" sizes=\"(max-width: 1600px) 100vw, 1600px\" \/><\/a>\n\t\t\t<\/div><\/figure><figure class='gallery-item'>\n\t\t\t<div class='gallery-icon landscape'>\n\t\t\t\t<a data-elementor-open-lightbox=\"yes\" data-elementor-lightbox-slideshow=\"4af004c\" data-elementor-lightbox-title=\"Acessorios - Avante Portas de A\u00e7o - 01\" data-e-action-hash=\"#elementor-action%3Aaction%3Dlightbox%26settings%3DeyJpZCI6Mzk2NCwidXJsIjoiaHR0cHM6XC9cL2F2YW50ZXBvcnRhc2RlYWNvLmNvbS5iclwvaG9tZVwvd3AtY29udGVudFwvdXBsb2Fkc1wvMjAyM1wvMDdcL0FjZXNzb3Jpb3MtQXZhbnRlLVBvcnRhcy1kZS1BY28tMDEuanBlZyIsInNsaWRlc2hvdyI6IjRhZjAwNGMifQ%3D%3D\" href='https:\/\/avanteportasdeaco.com.br\/home\/wp-content\/uploads\/2023\/07\/Acessorios-Avante-Portas-de-Aco-01.jpeg'><img decoding=\"async\" width=\"1600\" height=\"1243\" src=\"https:\/\/avanteportasdeaco.com.br\/home\/wp-content\/uploads\/2023\/07\/Acessorios-Avante-Portas-de-Aco-01.jpeg\" class=\"attachment-full size-full\" alt=\"\" srcset=\"https:\/\/avanteportasdeaco.com.br\/home\/wp-content\/uploads\/2023\/07\/Acessorios-Avante-Portas-de-Aco-01.jpeg 1600w, https:\/\/avanteportasdeaco.com.br\/home\/wp-content\/uploads\/2023\/07\/Acessorios-Avante-Portas-de-Aco-01-300x233.jpeg 300w, https:\/\/avanteportasdeaco.com.br\/home\/wp-content\/uploads\/2023\/07\/Acessorios-Avante-Portas-de-Aco-01-1024x796.jpeg 1024w, https:\/\/avanteportasdeaco.com.br\/home\/wp-content\/uploads\/2023\/07\/Acessorios-Avante-Portas-de-Aco-01-768x597.jpeg 768w, https:\/\/avanteportasdeaco.com.br\/home\/wp-content\/uploads\/2023\/07\/Acessorios-Avante-Portas-de-Aco-01-1536x1193.jpeg 1536w\" sizes=\"(max-width: 1600px) 100vw, 1600px\" \/><\/a>\n\t\t\t<\/div><\/figure><figure class='gallery-item'>\n\t\t\t<div class='gallery-icon landscape'>\n\t\t\t\t<a data-elementor-open-lightbox=\"yes\" data-elementor-lightbox-slideshow=\"4af004c\" data-elementor-lightbox-title=\"Acessorios - Avante Portas de A\u00e7o - 02\" data-e-action-hash=\"#elementor-action%3Aaction%3Dlightbox%26settings%3DeyJpZCI6Mzk2NSwidXJsIjoiaHR0cHM6XC9cL2F2YW50ZXBvcnRhc2RlYWNvLmNvbS5iclwvaG9tZVwvd3AtY29udGVudFwvdXBsb2Fkc1wvMjAyM1wvMDdcL0FjZXNzb3Jpb3MtQXZhbnRlLVBvcnRhcy1kZS1BY28tMDIuanBlZyIsInNsaWRlc2hvdyI6IjRhZjAwNGMifQ%3D%3D\" href='https:\/\/avanteportasdeaco.com.br\/home\/wp-content\/uploads\/2023\/07\/Acessorios-Avante-Portas-de-Aco-02.jpeg'><img loading=\"lazy\" decoding=\"async\" width=\"1600\" height=\"1134\" src=\"https:\/\/avanteportasdeaco.com.br\/home\/wp-content\/uploads\/2023\/07\/Acessorios-Avante-Portas-de-Aco-02.jpeg\" class=\"attachment-full size-full\" alt=\"\" srcset=\"https:\/\/avanteportasdeaco.com.br\/home\/wp-content\/uploads\/2023\/07\/Acessorios-Avante-Portas-de-Aco-02.jpeg 1600w, https:\/\/avanteportasdeaco.com.br\/home\/wp-content\/uploads\/2023\/07\/Acessorios-Avante-Portas-de-Aco-02-300x213.jpeg 300w, https:\/\/avanteportasdeaco.com.br\/home\/wp-content\/uploads\/2023\/07\/Acessorios-Avante-Portas-de-Aco-02-1024x726.jpeg 1024w, https:\/\/avanteportasdeaco.com.br\/home\/wp-content\/uploads\/2023\/07\/Acessorios-Avante-Portas-de-Aco-02-768x544.jpeg 768w, https:\/\/avanteportasdeaco.com.br\/home\/wp-content\/uploads\/2023\/07\/Acessorios-Avante-Portas-de-Aco-02-1536x1089.jpeg 1536w\" sizes=\"(max-width: 1600px) 100vw, 1600px\" \/><\/a>\n\t\t\t<\/div><\/figure><figure class='gallery-item'>\n\t\t\t<div class='gallery-icon landscape'>\n\t\t\t\t<a data-elementor-open-lightbox=\"yes\" data-elementor-lightbox-slideshow=\"4af004c\" data-elementor-lightbox-title=\"Fechaduras Avante Portas de A\u00e7o\" data-e-action-hash=\"#elementor-action%3Aaction%3Dlightbox%26settings%3DeyJpZCI6Mzk2NywidXJsIjoiaHR0cHM6XC9cL2F2YW50ZXBvcnRhc2RlYWNvLmNvbS5iclwvaG9tZVwvd3AtY29udGVudFwvdXBsb2Fkc1wvMjAyM1wvMDdcL0ZlY2hhZHVyYXMtQXZhbnRlLVBvcnRhcy1kZS1BY28uanBlZyIsInNsaWRlc2hvdyI6IjRhZjAwNGMifQ%3D%3D\" href='https:\/\/avanteportasdeaco.com.br\/home\/wp-content\/uploads\/2023\/07\/Fechaduras-Avante-Portas-de-Aco.jpeg'><img loading=\"lazy\" decoding=\"async\" width=\"1600\" height=\"1158\" src=\"https:\/\/avanteportasdeaco.com.br\/home\/wp-content\/uploads\/2023\/07\/Fechaduras-Avante-Portas-de-Aco.jpeg\" class=\"attachment-full size-full\" alt=\"\" srcset=\"https:\/\/avanteportasdeaco.com.br\/home\/wp-content\/uploads\/2023\/07\/Fechaduras-Avante-Portas-de-Aco.jpeg 1600w, https:\/\/avanteportasdeaco.com.br\/home\/wp-content\/uploads\/2023\/07\/Fechaduras-Avante-Portas-de-Aco-300x217.jpeg 300w, https:\/\/avanteportasdeaco.com.br\/home\/wp-content\/uploads\/2023\/07\/Fechaduras-Avante-Portas-de-Aco-1024x741.jpeg 1024w, https:\/\/avanteportasdeaco.com.br\/home\/wp-content\/uploads\/2023\/07\/Fechaduras-Avante-Portas-de-Aco-768x556.jpeg 768w, https:\/\/avanteportasdeaco.com.br\/home\/wp-content\/uploads\/2023\/07\/Fechaduras-Avante-Portas-de-Aco-1536x1112.jpeg 1536w\" sizes=\"(max-width: 1600px) 100vw, 1600px\" \/><\/a>\n\t\t\t<\/div><\/figure><figure class='gallery-item'>\n\t\t\t<div class='gallery-icon landscape'>\n\t\t\t\t<a data-elementor-open-lightbox=\"yes\" data-elementor-lightbox-slideshow=\"4af004c\" data-elementor-lightbox-title=\"Ferramentas Avante Portas de A\u00e7o 03\" data-e-action-hash=\"#elementor-action%3Aaction%3Dlightbox%26settings%3DeyJpZCI6Mzk3MCwidXJsIjoiaHR0cHM6XC9cL2F2YW50ZXBvcnRhc2RlYWNvLmNvbS5iclwvaG9tZVwvd3AtY29udGVudFwvdXBsb2Fkc1wvMjAyM1wvMDdcL0ZlcnJhbWVudGFzLUF2YW50ZS1Qb3J0YXMtZGUtQWNvLTAzLmpwZWciLCJzbGlkZXNob3ciOiI0YWYwMDRjIn0%3D\" href='https:\/\/avanteportasdeaco.com.br\/home\/wp-content\/uploads\/2023\/07\/Ferramentas-Avante-Portas-de-Aco-03.jpeg'><img loading=\"lazy\" decoding=\"async\" width=\"1600\" height=\"1130\" src=\"https:\/\/avanteportasdeaco.com.br\/home\/wp-content\/uploads\/2023\/07\/Ferramentas-Avante-Portas-de-Aco-03.jpeg\" class=\"attachment-full size-full\" alt=\"\" srcset=\"https:\/\/avanteportasdeaco.com.br\/home\/wp-content\/uploads\/2023\/07\/Ferramentas-Avante-Portas-de-Aco-03.jpeg 1600w, https:\/\/avanteportasdeaco.com.br\/home\/wp-content\/uploads\/2023\/07\/Ferramentas-Avante-Portas-de-Aco-03-300x212.jpeg 300w, https:\/\/avanteportasdeaco.com.br\/home\/wp-content\/uploads\/2023\/07\/Ferramentas-Avante-Portas-de-Aco-03-1024x723.jpeg 1024w, https:\/\/avanteportasdeaco.com.br\/home\/wp-content\/uploads\/2023\/07\/Ferramentas-Avante-Portas-de-Aco-03-768x542.jpeg 768w, https:\/\/avanteportasdeaco.com.br\/home\/wp-content\/uploads\/2023\/07\/Ferramentas-Avante-Portas-de-Aco-03-1536x1085.jpeg 1536w\" sizes=\"(max-width: 1600px) 100vw, 1600px\" \/><\/a>\n\t\t\t<\/div><\/figure><figure class='gallery-item'>\n\t\t\t<div class='gallery-icon landscape'>\n\t\t\t\t<a data-elementor-open-lightbox=\"yes\" data-elementor-lightbox-slideshow=\"4af004c\" data-elementor-lightbox-title=\"Chapas - Avante Portas de A\u00e7o - 01\" data-e-action-hash=\"#elementor-action%3Aaction%3Dlightbox%26settings%3DeyJpZCI6Mzk2NiwidXJsIjoiaHR0cHM6XC9cL2F2YW50ZXBvcnRhc2RlYWNvLmNvbS5iclwvaG9tZVwvd3AtY29udGVudFwvdXBsb2Fkc1wvMjAyM1wvMDdcL0NoYXBhcy1BdmFudGUtUG9ydGFzLWRlLUFjby0wMS5qcGVnIiwic2xpZGVzaG93IjoiNGFmMDA0YyJ9\" href='https:\/\/avanteportasdeaco.com.br\/home\/wp-content\/uploads\/2023\/07\/Chapas-Avante-Portas-de-Aco-01.jpeg'><img loading=\"lazy\" decoding=\"async\" width=\"1599\" height=\"1198\" src=\"https:\/\/avanteportasdeaco.com.br\/home\/wp-content\/uploads\/2023\/07\/Chapas-Avante-Portas-de-Aco-01.jpeg\" class=\"attachment-full size-full\" alt=\"\" srcset=\"https:\/\/avanteportasdeaco.com.br\/home\/wp-content\/uploads\/2023\/07\/Chapas-Avante-Portas-de-Aco-01.jpeg 1599w, https:\/\/avanteportasdeaco.com.br\/home\/wp-content\/uploads\/2023\/07\/Chapas-Avante-Portas-de-Aco-01-300x225.jpeg 300w, https:\/\/avanteportasdeaco.com.br\/home\/wp-content\/uploads\/2023\/07\/Chapas-Avante-Portas-de-Aco-01-1024x767.jpeg 1024w, https:\/\/avanteportasdeaco.com.br\/home\/wp-content\/uploads\/2023\/07\/Chapas-Avante-Portas-de-Aco-01-768x575.jpeg 768w, https:\/\/avanteportasdeaco.com.br\/home\/wp-content\/uploads\/2023\/07\/Chapas-Avante-Portas-de-Aco-01-1536x1151.jpeg 1536w\" sizes=\"(max-width: 1599px) 100vw, 1599px\" \/><\/a>\n\t\t\t<\/div><\/figure><figure class='gallery-item'>\n\t\t\t<div class='gallery-icon portrait'>\n\t\t\t\t<a data-elementor-open-lightbox=\"yes\" data-elementor-lightbox-slideshow=\"4af004c\" data-elementor-lightbox-title=\"Molas - Avante Portas de A\u00e7o 01\" data-e-action-hash=\"#elementor-action%3Aaction%3Dlightbox%26settings%3DeyJpZCI6Mzk3NCwidXJsIjoiaHR0cHM6XC9cL2F2YW50ZXBvcnRhc2RlYWNvLmNvbS5iclwvaG9tZVwvd3AtY29udGVudFwvdXBsb2Fkc1wvMjAyM1wvMDdcL01vbGFzLUF2YW50ZS1Qb3J0YXMtZGUtQWNvLTAxLmpwZWciLCJzbGlkZXNob3ciOiI0YWYwMDRjIn0%3D\" href='https:\/\/avanteportasdeaco.com.br\/home\/wp-content\/uploads\/2023\/07\/Molas-Avante-Portas-de-Aco-01.jpeg'><img loading=\"lazy\" decoding=\"async\" width=\"1157\" height=\"1600\" src=\"https:\/\/avanteportasdeaco.com.br\/home\/wp-content\/uploads\/2023\/07\/Molas-Avante-Portas-de-Aco-01.jpeg\" class=\"attachment-full size-full\" alt=\"\" srcset=\"https:\/\/avanteportasdeaco.com.br\/home\/wp-content\/uploads\/2023\/07\/Molas-Avante-Portas-de-Aco-01.jpeg 1157w, https:\/\/avanteportasdeaco.com.br\/home\/wp-content\/uploads\/2023\/07\/Molas-Avante-Portas-de-Aco-01-217x300.jpeg 217w, https:\/\/avanteportasdeaco.com.br\/home\/wp-content\/uploads\/2023\/07\/Molas-Avante-Portas-de-Aco-01-740x1024.jpeg 740w, https:\/\/avanteportasdeaco.com.br\/home\/wp-content\/uploads\/2023\/07\/Molas-Avante-Portas-de-Aco-01-768x1062.jpeg 768w, https:\/\/avanteportasdeaco.com.br\/home\/wp-content\/uploads\/2023\/07\/Molas-Avante-Portas-de-Aco-01-1111x1536.jpeg 1111w\" sizes=\"(max-width: 1157px) 100vw, 1157px\" \/><\/a>\n\t\t\t<\/div><\/figure>\n\t\t<\/div>\n\t\t<\/div>\n\t\t\t\t\t\t<\/div>\n\t\t\t\t<\/div>\n\t\t\t\t\t<\/div>\n\t\t\t\t<\/div>\n\t\t\t\t\t<\/div>\n\t\t\t\t<\/div>\n\t\t\t\t\t<\/div>\n\t\t\t\t<\/div>\n\t\t\t\t<\/div>\n\t\t","protected":false},"excerpt":{"rendered":"<p>Acess\u00f3rios e Materiais para Serralheria em Geral Acess\u00f3rios para port\u00f5es, controles remotos, automatizadores, l\u00e2minas, portas, ferramentas, materias para serralheria em geral. Acesse nosso whatsapp e veja rela\u00e7\u00e3o de nossos produtos \u00e0 venda. Acesse nossa loja no Whatsapp<\/p>\n","protected":false},"author":1,"featured_media":0,"parent":0,"menu_order":0,"comment_status":"closed","ping_status":"closed","template":"","meta":{"site-sidebar-layout":"no-sidebar","site-content-layout":"page-builder","ast-global-header-display":"","ast-banner-title-visibility":"","ast-main-header-display":"","ast-hfb-above-header-display":"","ast-hfb-below-header-display":"","ast-hfb-mobile-header-display":"","site-post-title":"disabled","ast-breadcrumbs-content":"","ast-featured-img":"disabled","footer-sml-layout":"","theme-transparent-header-meta":"","adv-header-id-meta":"","stick-header-meta":"","header-above-stick-meta":"","header-main-stick-meta":"","header-below-stick-meta":"","_joinchat":[],"footnotes":""},"class_list":["post-518","page","type-page","status-publish","hentry"],"_links":{"self":[{"href":"https:\/\/avanteportasdeaco.com.br\/home\/avante\/wp-json\/wp\/v2\/pages\/518","targetHints":{"allow":["GET"]}}],"collection":[{"href":"https:\/\/avanteportasdeaco.com.br\/home\/avante\/wp-json\/wp\/v2\/pages"}],"about":[{"href":"https:\/\/avanteportasdeaco.com.br\/home\/avante\/wp-json\/wp\/v2\/types\/page"}],"author":[{"embeddable":true,"href":"https:\/\/avanteportasdeaco.com.br\/home\/avante\/wp-json\/wp\/v2\/users\/1"}],"replies":[{"embeddable":true,"href":"https:\/\/avanteportasdeaco.com.br\/home\/avante\/wp-json\/wp\/v2\/comments?post=518"}],"version-history":[{"count":73,"href":"https:\/\/avanteportasdeaco.com.br\/home\/avante\/wp-json\/wp\/v2\/pages\/518\/revisions"}],"predecessor-version":[{"id":3980,"href":"https:\/\/avanteportasdeaco.com.br\/home\/avante\/wp-json\/wp\/v2\/pages\/518\/revisions\/3980"}],"wp:attachment":[{"href":"https:\/\/avanteportasdeaco.com.br\/home\/avante\/wp-json\/wp\/v2\/media?parent=518"}],"curies":[{"name":"wp","href":"https:\/\/api.w.org\/{rel}","templated":true}]}}